{"id":5871,"date":"2025-11-14T08:52:24","date_gmt":"2025-11-14T08:52:24","guid":{"rendered":"https:\/\/ulpr.com\/?post_type=product&#038;p=5871"},"modified":"2026-02-18T07:49:30","modified_gmt":"2026-02-18T07:49:30","slug":"cmt-fhdx-820w","status":"publish","type":"product","link":"https:\/\/ulpr.com\/index.php\/product\/cmt-fhdx-820w\/","title":{"rendered":"cMT-FHDX-820(W)"},"content":{"rendered":"\n<p>cMT-FHDX-820(W) &#8211; WEB HMI sa HDMI izlazom<\/p>\n\n\n\n<p><a href=\"\/wp-content\/uploads\/documents\/WeintekHMI\/cMT-FHDX-820(W)_Datasheet_ENG.pdf\" target=\"_blank\" rel=\"noreferrer noopener\">Specifikacija proizvoda<\/a><\/p>\n\n\n\n<figure class=\"wp-block-image size-full\"><img loading=\"lazy\" decoding=\"async\" width=\"335\" height=\"302\" src=\"https:\/\/ulpr.com\/wp-content\/uploads\/2025\/11\/cMT-FHDX-820W.png\" alt=\"\" class=\"wp-image-5872\" srcset=\"https:\/\/ulpr.com\/wp-content\/uploads\/2025\/11\/cMT-FHDX-820W.png 335w, https:\/\/ulpr.com\/wp-content\/uploads\/2025\/11\/cMT-FHDX-820W-300x270.png 300w\" sizes=\"auto, (max-width: 335px) 100vw, 335px\" \/><\/figure>\n","protected":false},"excerpt":{"rendered":"<p>cMT-FHDX-820(W) &#8211; Weintek Web HMI ure\u0111aj sa HDMI portom &#8211; cMT HMI Ure\u0111aji. HTML5 Web Panel sa ugra\u0111enim Chromium browser-om, ultzra slim dizajn.<\/p>\n","protected":false},"featured_media":5872,"comment_status":"open","ping_status":"closed","template":"","meta":[],"product_brand":[],"product_cat":[79,60,117],"product_tag":[],"class_list":{"0":"post-5871","1":"product","2":"type-product","3":"status-publish","4":"has-post-thumbnail","6":"product_cat-cmt-hmi-uredaji","7":"product_cat-weintek-hmi","8":"product_cat-weintek-web-paneli","10":"first","11":"instock","12":"taxable","13":"shipping-taxable","14":"product-type-simple"},"yoast_head":"<!-- This site is optimized with the Yoast SEO plugin v26.6 - https:\/\/yoast.com\/wordpress\/plugins\/seo\/ -->\n<title>cMT-FHDX-820(W) - ulpr.com<\/title>\n<meta name=\"description\" content=\"cMT-FHDX-820(W) - Weintek Web HMI ure\u0111aj sa HDMI portom - cMT HMI Ure\u0111aji. HTML5 Web Panel sa ugra\u0111enim Chromium browser-om, ultzra slim dizajn.\" \/>\n<meta name=\"robots\" content=\"index, follow, max-snippet:-1, max-image-preview:large, max-video-preview:-1\" \/>\n<link rel=\"canonical\" href=\"https:\/\/ulpr.com\/index.php\/product\/cmt-fhdx-820w\/\" \/>\n<meta property=\"og:locale\" content=\"en_US\" \/>\n<meta property=\"og:type\" content=\"article\" \/>\n<meta property=\"og:title\" content=\"cMT-FHDX-820(W) - ulpr.com\" \/>\n<meta property=\"og:description\" content=\"cMT-FHDX-820(W) - Weintek Web HMI ure\u0111aj sa HDMI portom - cMT HMI Ure\u0111aji. HTML5 Web Panel sa ugra\u0111enim Chromium browser-om, ultzra slim dizajn.\" \/>\n<meta property=\"og:url\" content=\"https:\/\/ulpr.com\/index.php\/product\/cmt-fhdx-820w\/\" \/>\n<meta property=\"og:site_name\" content=\"ulpr.com\" \/>\n<meta property=\"article:modified_time\" content=\"2026-02-18T07:49:30+00:00\" \/>\n<meta property=\"og:image\" content=\"https:\/\/ulpr.com\/wp-content\/uploads\/2025\/11\/cMT-FHDX-820W.png\" \/>\n\t<meta property=\"og:image:width\" content=\"335\" \/>\n\t<meta property=\"og:image:height\" content=\"302\" \/>\n\t<meta property=\"og:image:type\" content=\"image\/png\" \/>\n<meta name=\"twitter:card\" content=\"summary_large_image\" \/>\n<meta name=\"twitter:label1\" content=\"Est. reading time\" \/>\n\t<meta name=\"twitter:data1\" content=\"1 minute\" \/>\n<script type=\"application\/ld+json\" class=\"yoast-schema-graph\">{\"@context\":\"https:\/\/schema.org\",\"@graph\":[{\"@type\":\"WebPage\",\"@id\":\"https:\/\/ulpr.com\/index.php\/product\/cmt-fhdx-820w\/\",\"url\":\"https:\/\/ulpr.com\/index.php\/product\/cmt-fhdx-820w\/\",\"name\":\"cMT-FHDX-820(W) - ulpr.com\",\"isPartOf\":{\"@id\":\"http:\/\/ulpr.com\/#website\"},\"primaryImageOfPage\":{\"@id\":\"https:\/\/ulpr.com\/index.php\/product\/cmt-fhdx-820w\/#primaryimage\"},\"image\":{\"@id\":\"https:\/\/ulpr.com\/index.php\/product\/cmt-fhdx-820w\/#primaryimage\"},\"thumbnailUrl\":\"https:\/\/ulpr.com\/wp-content\/uploads\/2025\/11\/cMT-FHDX-820W.png\",\"datePublished\":\"2025-11-14T08:52:24+00:00\",\"dateModified\":\"2026-02-18T07:49:30+00:00\",\"description\":\"cMT-FHDX-820(W) - Weintek Web HMI ure\u0111aj sa HDMI portom - cMT HMI Ure\u0111aji. HTML5 Web Panel sa ugra\u0111enim Chromium browser-om, ultzra slim dizajn.\",\"breadcrumb\":{\"@id\":\"https:\/\/ulpr.com\/index.php\/product\/cmt-fhdx-820w\/#breadcrumb\"},\"inLanguage\":\"en-US\",\"potentialAction\":[{\"@type\":\"ReadAction\",\"target\":[\"https:\/\/ulpr.com\/index.php\/product\/cmt-fhdx-820w\/\"]}]},{\"@type\":\"ImageObject\",\"inLanguage\":\"en-US\",\"@id\":\"https:\/\/ulpr.com\/index.php\/product\/cmt-fhdx-820w\/#primaryimage\",\"url\":\"https:\/\/ulpr.com\/wp-content\/uploads\/2025\/11\/cMT-FHDX-820W.png\",\"contentUrl\":\"https:\/\/ulpr.com\/wp-content\/uploads\/2025\/11\/cMT-FHDX-820W.png\",\"width\":335,\"height\":302},{\"@type\":\"BreadcrumbList\",\"@id\":\"https:\/\/ulpr.com\/index.php\/product\/cmt-fhdx-820w\/#breadcrumb\",\"itemListElement\":[{\"@type\":\"ListItem\",\"position\":1,\"name\":\"Home\",\"item\":\"http:\/\/ulpr.com\/\"},{\"@type\":\"ListItem\",\"position\":2,\"name\":\"Shop\",\"item\":\"https:\/\/ulpr.com\/index.php\/shop\/\"},{\"@type\":\"ListItem\",\"position\":3,\"name\":\"cMT-FHDX-820(W)\"}]},{\"@type\":\"WebSite\",\"@id\":\"http:\/\/ulpr.com\/#website\",\"url\":\"http:\/\/ulpr.com\/\",\"name\":\"ulpr.com\",\"description\":\"UNO-LUX PROCESSING DOO\",\"publisher\":{\"@id\":\"http:\/\/ulpr.com\/#organization\"},\"potentialAction\":[{\"@type\":\"SearchAction\",\"target\":{\"@type\":\"EntryPoint\",\"urlTemplate\":\"http:\/\/ulpr.com\/?s={search_term_string}\"},\"query-input\":{\"@type\":\"PropertyValueSpecification\",\"valueRequired\":true,\"valueName\":\"search_term_string\"}}],\"inLanguage\":\"en-US\"},{\"@type\":\"Organization\",\"@id\":\"http:\/\/ulpr.com\/#organization\",\"name\":\"ulpr.com\",\"url\":\"http:\/\/ulpr.com\/\",\"logo\":{\"@type\":\"ImageObject\",\"inLanguage\":\"en-US\",\"@id\":\"http:\/\/ulpr.com\/#\/schema\/logo\/image\/\",\"url\":\"https:\/\/ulpr.com\/wp-content\/uploads\/2024\/04\/logoBMP-new-3D-v2.png\",\"contentUrl\":\"https:\/\/ulpr.com\/wp-content\/uploads\/2024\/04\/logoBMP-new-3D-v2.png\",\"width\":1574,\"height\":298,\"caption\":\"ulpr.com\"},\"image\":{\"@id\":\"http:\/\/ulpr.com\/#\/schema\/logo\/image\/\"},\"sameAs\":[\"https:\/\/www.linkedin.com\/company\/69699496\/admin\/dashboard\/\"]}]}<\/script>\n<!-- \/ Yoast SEO plugin. -->","yoast_head_json":{"title":"cMT-FHDX-820(W) - ulpr.com","description":"cMT-FHDX-820(W) - Weintek Web HMI ure\u0111aj sa HDMI portom - cMT HMI Ure\u0111aji. HTML5 Web Panel sa ugra\u0111enim Chromium browser-om, ultzra slim dizajn.","robots":{"index":"index","follow":"follow","max-snippet":"max-snippet:-1","max-image-preview":"max-image-preview:large","max-video-preview":"max-video-preview:-1"},"canonical":"https:\/\/ulpr.com\/index.php\/product\/cmt-fhdx-820w\/","og_locale":"en_US","og_type":"article","og_title":"cMT-FHDX-820(W) - ulpr.com","og_description":"cMT-FHDX-820(W) - Weintek Web HMI ure\u0111aj sa HDMI portom - cMT HMI Ure\u0111aji. HTML5 Web Panel sa ugra\u0111enim Chromium browser-om, ultzra slim dizajn.","og_url":"https:\/\/ulpr.com\/index.php\/product\/cmt-fhdx-820w\/","og_site_name":"ulpr.com","article_modified_time":"2026-02-18T07:49:30+00:00","og_image":[{"width":335,"height":302,"url":"https:\/\/ulpr.com\/wp-content\/uploads\/2025\/11\/cMT-FHDX-820W.png","type":"image\/png"}],"twitter_card":"summary_large_image","twitter_misc":{"Est. reading time":"1 minute"},"schema":{"@context":"https:\/\/schema.org","@graph":[{"@type":"WebPage","@id":"https:\/\/ulpr.com\/index.php\/product\/cmt-fhdx-820w\/","url":"https:\/\/ulpr.com\/index.php\/product\/cmt-fhdx-820w\/","name":"cMT-FHDX-820(W) - ulpr.com","isPartOf":{"@id":"http:\/\/ulpr.com\/#website"},"primaryImageOfPage":{"@id":"https:\/\/ulpr.com\/index.php\/product\/cmt-fhdx-820w\/#primaryimage"},"image":{"@id":"https:\/\/ulpr.com\/index.php\/product\/cmt-fhdx-820w\/#primaryimage"},"thumbnailUrl":"https:\/\/ulpr.com\/wp-content\/uploads\/2025\/11\/cMT-FHDX-820W.png","datePublished":"2025-11-14T08:52:24+00:00","dateModified":"2026-02-18T07:49:30+00:00","description":"cMT-FHDX-820(W) - Weintek Web HMI ure\u0111aj sa HDMI portom - cMT HMI Ure\u0111aji. HTML5 Web Panel sa ugra\u0111enim Chromium browser-om, ultzra slim dizajn.","breadcrumb":{"@id":"https:\/\/ulpr.com\/index.php\/product\/cmt-fhdx-820w\/#breadcrumb"},"inLanguage":"en-US","potentialAction":[{"@type":"ReadAction","target":["https:\/\/ulpr.com\/index.php\/product\/cmt-fhdx-820w\/"]}]},{"@type":"ImageObject","inLanguage":"en-US","@id":"https:\/\/ulpr.com\/index.php\/product\/cmt-fhdx-820w\/#primaryimage","url":"https:\/\/ulpr.com\/wp-content\/uploads\/2025\/11\/cMT-FHDX-820W.png","contentUrl":"https:\/\/ulpr.com\/wp-content\/uploads\/2025\/11\/cMT-FHDX-820W.png","width":335,"height":302},{"@type":"BreadcrumbList","@id":"https:\/\/ulpr.com\/index.php\/product\/cmt-fhdx-820w\/#breadcrumb","itemListElement":[{"@type":"ListItem","position":1,"name":"Home","item":"http:\/\/ulpr.com\/"},{"@type":"ListItem","position":2,"name":"Shop","item":"https:\/\/ulpr.com\/index.php\/shop\/"},{"@type":"ListItem","position":3,"name":"cMT-FHDX-820(W)"}]},{"@type":"WebSite","@id":"http:\/\/ulpr.com\/#website","url":"http:\/\/ulpr.com\/","name":"ulpr.com","description":"UNO-LUX PROCESSING DOO","publisher":{"@id":"http:\/\/ulpr.com\/#organization"},"potentialAction":[{"@type":"SearchAction","target":{"@type":"EntryPoint","urlTemplate":"http:\/\/ulpr.com\/?s={search_term_string}"},"query-input":{"@type":"PropertyValueSpecification","valueRequired":true,"valueName":"search_term_string"}}],"inLanguage":"en-US"},{"@type":"Organization","@id":"http:\/\/ulpr.com\/#organization","name":"ulpr.com","url":"http:\/\/ulpr.com\/","logo":{"@type":"ImageObject","inLanguage":"en-US","@id":"http:\/\/ulpr.com\/#\/schema\/logo\/image\/","url":"https:\/\/ulpr.com\/wp-content\/uploads\/2024\/04\/logoBMP-new-3D-v2.png","contentUrl":"https:\/\/ulpr.com\/wp-content\/uploads\/2024\/04\/logoBMP-new-3D-v2.png","width":1574,"height":298,"caption":"ulpr.com"},"image":{"@id":"http:\/\/ulpr.com\/#\/schema\/logo\/image\/"},"sameAs":["https:\/\/www.linkedin.com\/company\/69699496\/admin\/dashboard\/"]}]}},"_links":{"self":[{"href":"https:\/\/ulpr.com\/index.php\/wp-json\/wp\/v2\/product\/5871","targetHints":{"allow":["GET"]}}],"collection":[{"href":"https:\/\/ulpr.com\/index.php\/wp-json\/wp\/v2\/product"}],"about":[{"href":"https:\/\/ulpr.com\/index.php\/wp-json\/wp\/v2\/types\/product"}],"replies":[{"embeddable":true,"href":"https:\/\/ulpr.com\/index.php\/wp-json\/wp\/v2\/comments?post=5871"}],"wp:featuredmedia":[{"embeddable":true,"href":"https:\/\/ulpr.com\/index.php\/wp-json\/wp\/v2\/media\/5872"}],"wp:attachment":[{"href":"https:\/\/ulpr.com\/index.php\/wp-json\/wp\/v2\/media?parent=5871"}],"wp:term":[{"taxonomy":"product_brand","embeddable":true,"href":"https:\/\/ulpr.com\/index.php\/wp-json\/wp\/v2\/product_brand?post=5871"},{"taxonomy":"product_cat","embeddable":true,"href":"https:\/\/ulpr.com\/index.php\/wp-json\/wp\/v2\/product_cat?post=5871"},{"taxonomy":"product_tag","embeddable":true,"href":"https:\/\/ulpr.com\/index.php\/wp-json\/wp\/v2\/product_tag?post=5871"}],"curies":[{"name":"wp","href":"https:\/\/api.w.org\/{rel}","templated":true}]}}