{"id":5617,"date":"2025-06-25T10:45:24","date_gmt":"2025-06-25T10:45:24","guid":{"rendered":"https:\/\/ulpr.com\/?post_type=product&#038;p=5617"},"modified":"2025-07-01T13:33:46","modified_gmt":"2025-07-01T13:33:46","slug":"linearna-kolica-cs-kwd-015-fns-c2-p-1-r165112220","status":"publish","type":"product","link":"https:\/\/ulpr.com\/index.php\/product\/linearna-kolica-cs-kwd-015-fns-c2-p-1-r165112220\/","title":{"rendered":"Linearna kolica CS KWD-015-FNS-C2-P-1 R165112220"},"content":{"rendered":"\n<p>test asflnqflnqf qfqpfo qpfq \u0161f qfqefqwef<\/p>\n","protected":false},"excerpt":{"rendered":"<p>Linearna kolica, FNS, veli\u010dina 15, \u010delik CS, preciznost, prose\u010dno prednaprezanje, bez kugli\u010dnog lanca<\/p>\n","protected":false},"featured_media":4836,"comment_status":"open","ping_status":"closed","template":"","meta":[],"product_brand":[],"product_cat":[116,37,21],"product_tag":[115],"class_list":{"0":"post-5617","1":"product","2":"type-product","3":"status-publish","4":"has-post-thumbnail","6":"product_cat-bosch-rexroth","7":"product_cat-kolica-vodjice","8":"product_cat-linearna-tehnika","9":"product_tag-linearna-kolica","11":"first","12":"instock","13":"taxable","14":"shipping-taxable","15":"product-type-simple"},"yoast_head":"<!-- This site is optimized with the Yoast SEO plugin v26.6 - https:\/\/yoast.com\/wordpress\/plugins\/seo\/ -->\n<title>Linearna kolica CS KWD-015-FNS-C2-P-1 R165112220 - ulpr.com<\/title>\n<meta name=\"robots\" content=\"index, follow, max-snippet:-1, max-image-preview:large, max-video-preview:-1\" \/>\n<link rel=\"canonical\" href=\"https:\/\/ulpr.com\/index.php\/product\/linearna-kolica-cs-kwd-015-fns-c2-p-1-r165112220\/\" \/>\n<meta property=\"og:locale\" content=\"en_US\" \/>\n<meta property=\"og:type\" content=\"article\" \/>\n<meta property=\"og:title\" content=\"Linearna kolica CS KWD-015-FNS-C2-P-1 R165112220 - ulpr.com\" \/>\n<meta property=\"og:description\" content=\"Linearna kolica, FNS, veli\u010dina 15, \u010delik CS, preciznost, prose\u010dno prednaprezanje, bez kugli\u010dnog lanca\" \/>\n<meta property=\"og:url\" content=\"https:\/\/ulpr.com\/index.php\/product\/linearna-kolica-cs-kwd-015-fns-c2-p-1-r165112220\/\" \/>\n<meta property=\"og:site_name\" content=\"ulpr.com\" \/>\n<meta property=\"article:modified_time\" content=\"2025-07-01T13:33:46+00:00\" \/>\n<meta property=\"og:image\" content=\"https:\/\/ulpr.com\/wp-content\/uploads\/2024\/08\/bshp_640x360.jpg\" \/>\n\t<meta property=\"og:image:width\" content=\"508\" \/>\n\t<meta property=\"og:image:height\" content=\"358\" \/>\n\t<meta property=\"og:image:type\" content=\"image\/jpeg\" \/>\n<meta name=\"twitter:card\" content=\"summary_large_image\" \/>\n<meta name=\"twitter:label1\" content=\"Est. reading time\" \/>\n\t<meta name=\"twitter:data1\" content=\"1 minute\" \/>\n<script type=\"application\/ld+json\" class=\"yoast-schema-graph\">{\"@context\":\"https:\/\/schema.org\",\"@graph\":[{\"@type\":\"WebPage\",\"@id\":\"https:\/\/ulpr.com\/index.php\/product\/linearna-kolica-cs-kwd-015-fns-c2-p-1-r165112220\/\",\"url\":\"https:\/\/ulpr.com\/index.php\/product\/linearna-kolica-cs-kwd-015-fns-c2-p-1-r165112220\/\",\"name\":\"Linearna kolica CS KWD-015-FNS-C2-P-1 R165112220 - ulpr.com\",\"isPartOf\":{\"@id\":\"https:\/\/ulpr.com\/#website\"},\"primaryImageOfPage\":{\"@id\":\"https:\/\/ulpr.com\/index.php\/product\/linearna-kolica-cs-kwd-015-fns-c2-p-1-r165112220\/#primaryimage\"},\"image\":{\"@id\":\"https:\/\/ulpr.com\/index.php\/product\/linearna-kolica-cs-kwd-015-fns-c2-p-1-r165112220\/#primaryimage\"},\"thumbnailUrl\":\"https:\/\/ulpr.com\/wp-content\/uploads\/2024\/08\/bshp_640x360.jpg\",\"datePublished\":\"2025-06-25T10:45:24+00:00\",\"dateModified\":\"2025-07-01T13:33:46+00:00\",\"breadcrumb\":{\"@id\":\"https:\/\/ulpr.com\/index.php\/product\/linearna-kolica-cs-kwd-015-fns-c2-p-1-r165112220\/#breadcrumb\"},\"inLanguage\":\"en-US\",\"potentialAction\":[{\"@type\":\"ReadAction\",\"target\":[\"https:\/\/ulpr.com\/index.php\/product\/linearna-kolica-cs-kwd-015-fns-c2-p-1-r165112220\/\"]}]},{\"@type\":\"ImageObject\",\"inLanguage\":\"en-US\",\"@id\":\"https:\/\/ulpr.com\/index.php\/product\/linearna-kolica-cs-kwd-015-fns-c2-p-1-r165112220\/#primaryimage\",\"url\":\"https:\/\/ulpr.com\/wp-content\/uploads\/2024\/08\/bshp_640x360.jpg\",\"contentUrl\":\"https:\/\/ulpr.com\/wp-content\/uploads\/2024\/08\/bshp_640x360.jpg\",\"width\":508,\"height\":358,\"caption\":\"Rexroth kolica i vo\u0111ice\"},{\"@type\":\"BreadcrumbList\",\"@id\":\"https:\/\/ulpr.com\/index.php\/product\/linearna-kolica-cs-kwd-015-fns-c2-p-1-r165112220\/#breadcrumb\",\"itemListElement\":[{\"@type\":\"ListItem\",\"position\":1,\"name\":\"Home\",\"item\":\"https:\/\/ulpr.com\/\"},{\"@type\":\"ListItem\",\"position\":2,\"name\":\"Shop\",\"item\":\"https:\/\/ulpr.com\/index.php\/shop\/\"},{\"@type\":\"ListItem\",\"position\":3,\"name\":\"Linearna kolica CS KWD-015-FNS-C2-P-1 R165112220\"}]},{\"@type\":\"WebSite\",\"@id\":\"https:\/\/ulpr.com\/#website\",\"url\":\"https:\/\/ulpr.com\/\",\"name\":\"ulpr.com\",\"description\":\"UNO-LUX PROCESSING DOO\",\"publisher\":{\"@id\":\"https:\/\/ulpr.com\/#organization\"},\"potentialAction\":[{\"@type\":\"SearchAction\",\"target\":{\"@type\":\"EntryPoint\",\"urlTemplate\":\"https:\/\/ulpr.com\/?s={search_term_string}\"},\"query-input\":{\"@type\":\"PropertyValueSpecification\",\"valueRequired\":true,\"valueName\":\"search_term_string\"}}],\"inLanguage\":\"en-US\"},{\"@type\":\"Organization\",\"@id\":\"https:\/\/ulpr.com\/#organization\",\"name\":\"ulpr.com\",\"url\":\"https:\/\/ulpr.com\/\",\"logo\":{\"@type\":\"ImageObject\",\"inLanguage\":\"en-US\",\"@id\":\"https:\/\/ulpr.com\/#\/schema\/logo\/image\/\",\"url\":\"https:\/\/ulpr.com\/wp-content\/uploads\/2024\/04\/logoBMP-new-3D-v2.png\",\"contentUrl\":\"https:\/\/ulpr.com\/wp-content\/uploads\/2024\/04\/logoBMP-new-3D-v2.png\",\"width\":1574,\"height\":298,\"caption\":\"ulpr.com\"},\"image\":{\"@id\":\"https:\/\/ulpr.com\/#\/schema\/logo\/image\/\"},\"sameAs\":[\"https:\/\/www.linkedin.com\/company\/69699496\/admin\/dashboard\/\"]}]}<\/script>\n<!-- \/ Yoast SEO plugin. -->","yoast_head_json":{"title":"Linearna kolica CS KWD-015-FNS-C2-P-1 R165112220 - ulpr.com","robots":{"index":"index","follow":"follow","max-snippet":"max-snippet:-1","max-image-preview":"max-image-preview:large","max-video-preview":"max-video-preview:-1"},"canonical":"https:\/\/ulpr.com\/index.php\/product\/linearna-kolica-cs-kwd-015-fns-c2-p-1-r165112220\/","og_locale":"en_US","og_type":"article","og_title":"Linearna kolica CS KWD-015-FNS-C2-P-1 R165112220 - ulpr.com","og_description":"Linearna kolica, FNS, veli\u010dina 15, \u010delik CS, preciznost, prose\u010dno prednaprezanje, bez kugli\u010dnog lanca","og_url":"https:\/\/ulpr.com\/index.php\/product\/linearna-kolica-cs-kwd-015-fns-c2-p-1-r165112220\/","og_site_name":"ulpr.com","article_modified_time":"2025-07-01T13:33:46+00:00","og_image":[{"width":508,"height":358,"url":"https:\/\/ulpr.com\/wp-content\/uploads\/2024\/08\/bshp_640x360.jpg","type":"image\/jpeg"}],"twitter_card":"summary_large_image","twitter_misc":{"Est. reading time":"1 minute"},"schema":{"@context":"https:\/\/schema.org","@graph":[{"@type":"WebPage","@id":"https:\/\/ulpr.com\/index.php\/product\/linearna-kolica-cs-kwd-015-fns-c2-p-1-r165112220\/","url":"https:\/\/ulpr.com\/index.php\/product\/linearna-kolica-cs-kwd-015-fns-c2-p-1-r165112220\/","name":"Linearna kolica CS KWD-015-FNS-C2-P-1 R165112220 - ulpr.com","isPartOf":{"@id":"https:\/\/ulpr.com\/#website"},"primaryImageOfPage":{"@id":"https:\/\/ulpr.com\/index.php\/product\/linearna-kolica-cs-kwd-015-fns-c2-p-1-r165112220\/#primaryimage"},"image":{"@id":"https:\/\/ulpr.com\/index.php\/product\/linearna-kolica-cs-kwd-015-fns-c2-p-1-r165112220\/#primaryimage"},"thumbnailUrl":"https:\/\/ulpr.com\/wp-content\/uploads\/2024\/08\/bshp_640x360.jpg","datePublished":"2025-06-25T10:45:24+00:00","dateModified":"2025-07-01T13:33:46+00:00","breadcrumb":{"@id":"https:\/\/ulpr.com\/index.php\/product\/linearna-kolica-cs-kwd-015-fns-c2-p-1-r165112220\/#breadcrumb"},"inLanguage":"en-US","potentialAction":[{"@type":"ReadAction","target":["https:\/\/ulpr.com\/index.php\/product\/linearna-kolica-cs-kwd-015-fns-c2-p-1-r165112220\/"]}]},{"@type":"ImageObject","inLanguage":"en-US","@id":"https:\/\/ulpr.com\/index.php\/product\/linearna-kolica-cs-kwd-015-fns-c2-p-1-r165112220\/#primaryimage","url":"https:\/\/ulpr.com\/wp-content\/uploads\/2024\/08\/bshp_640x360.jpg","contentUrl":"https:\/\/ulpr.com\/wp-content\/uploads\/2024\/08\/bshp_640x360.jpg","width":508,"height":358,"caption":"Rexroth kolica i vo\u0111ice"},{"@type":"BreadcrumbList","@id":"https:\/\/ulpr.com\/index.php\/product\/linearna-kolica-cs-kwd-015-fns-c2-p-1-r165112220\/#breadcrumb","itemListElement":[{"@type":"ListItem","position":1,"name":"Home","item":"https:\/\/ulpr.com\/"},{"@type":"ListItem","position":2,"name":"Shop","item":"https:\/\/ulpr.com\/index.php\/shop\/"},{"@type":"ListItem","position":3,"name":"Linearna kolica CS KWD-015-FNS-C2-P-1 R165112220"}]},{"@type":"WebSite","@id":"https:\/\/ulpr.com\/#website","url":"https:\/\/ulpr.com\/","name":"ulpr.com","description":"UNO-LUX PROCESSING DOO","publisher":{"@id":"https:\/\/ulpr.com\/#organization"},"potentialAction":[{"@type":"SearchAction","target":{"@type":"EntryPoint","urlTemplate":"https:\/\/ulpr.com\/?s={search_term_string}"},"query-input":{"@type":"PropertyValueSpecification","valueRequired":true,"valueName":"search_term_string"}}],"inLanguage":"en-US"},{"@type":"Organization","@id":"https:\/\/ulpr.com\/#organization","name":"ulpr.com","url":"https:\/\/ulpr.com\/","logo":{"@type":"ImageObject","inLanguage":"en-US","@id":"https:\/\/ulpr.com\/#\/schema\/logo\/image\/","url":"https:\/\/ulpr.com\/wp-content\/uploads\/2024\/04\/logoBMP-new-3D-v2.png","contentUrl":"https:\/\/ulpr.com\/wp-content\/uploads\/2024\/04\/logoBMP-new-3D-v2.png","width":1574,"height":298,"caption":"ulpr.com"},"image":{"@id":"https:\/\/ulpr.com\/#\/schema\/logo\/image\/"},"sameAs":["https:\/\/www.linkedin.com\/company\/69699496\/admin\/dashboard\/"]}]}},"_links":{"self":[{"href":"https:\/\/ulpr.com\/index.php\/wp-json\/wp\/v2\/product\/5617","targetHints":{"allow":["GET"]}}],"collection":[{"href":"https:\/\/ulpr.com\/index.php\/wp-json\/wp\/v2\/product"}],"about":[{"href":"https:\/\/ulpr.com\/index.php\/wp-json\/wp\/v2\/types\/product"}],"replies":[{"embeddable":true,"href":"https:\/\/ulpr.com\/index.php\/wp-json\/wp\/v2\/comments?post=5617"}],"wp:featuredmedia":[{"embeddable":true,"href":"https:\/\/ulpr.com\/index.php\/wp-json\/wp\/v2\/media\/4836"}],"wp:attachment":[{"href":"https:\/\/ulpr.com\/index.php\/wp-json\/wp\/v2\/media?parent=5617"}],"wp:term":[{"taxonomy":"product_brand","embeddable":true,"href":"https:\/\/ulpr.com\/index.php\/wp-json\/wp\/v2\/product_brand?post=5617"},{"taxonomy":"product_cat","embeddable":true,"href":"https:\/\/ulpr.com\/index.php\/wp-json\/wp\/v2\/product_cat?post=5617"},{"taxonomy":"product_tag","embeddable":true,"href":"https:\/\/ulpr.com\/index.php\/wp-json\/wp\/v2\/product_tag?post=5617"}],"curies":[{"name":"wp","href":"https:\/\/api.w.org\/{rel}","templated":true}]}}