{"id":3383,"date":"2024-03-26T11:57:34","date_gmt":"2024-03-26T11:57:34","guid":{"rendered":"http:\/\/ulpr.com\/?post_type=product&#038;p=3383"},"modified":"2025-07-07T09:22:02","modified_gmt":"2025-07-07T09:22:02","slug":"cmt-svr-100","status":"publish","type":"product","link":"https:\/\/ulpr.com\/index.php\/product\/cmt-svr-100\/","title":{"rendered":"cMT-SVR-100"},"content":{"rendered":"\n<p>cMT-SVR-100 &#8211; Klijent\/Server HMI bez ekrana<\/p>\n\n\n\n<p><a href=\"\/wp-content\/uploads\/documents\/WeintekHMI\/cMT-SVR-100_Datasheet_ENG.pdf\" target=\"_blank\" rel=\"noreferrer noopener\">Specifikacija proizvoda<\/a><\/p>\n\n\n\n<figure class=\"wp-block-image size-full\"><img loading=\"lazy\" decoding=\"async\" width=\"570\" height=\"421\" src=\"http:\/\/ulpr.com\/wp-content\/uploads\/2024\/03\/cmtsvr100.png\" alt=\"cMT-SVR-100\" class=\"wp-image-4542\" srcset=\"https:\/\/ulpr.com\/wp-content\/uploads\/2024\/03\/cmtsvr100.png 570w, https:\/\/ulpr.com\/wp-content\/uploads\/2024\/03\/cmtsvr100-300x222.png 300w\" sizes=\"auto, (max-width: 570px) 100vw, 570px\" \/><\/figure>\n","protected":false},"excerpt":{"rendered":"<p>cMT-SVR-100 &#8211; Weintek Klijent\/Server HMI ure\u0111aj sa dva mre\u017ena porta &#8211; cMT HMI Ure\u0111aji. Besplatan Easy Builder PRO softver za programiranje<\/p>\n","protected":false},"featured_media":4542,"comment_status":"open","ping_status":"closed","template":"","meta":[],"product_brand":[],"product_cat":[79,60],"product_tag":[],"class_list":{"0":"post-3383","1":"product","2":"type-product","3":"status-publish","4":"has-post-thumbnail","6":"product_cat-cmt-hmi-uredaji","7":"product_cat-weintek-hmi","9":"first","10":"instock","11":"taxable","12":"shipping-taxable","13":"product-type-simple"},"yoast_head":"<!-- This site is optimized with the Yoast SEO plugin v26.6 - https:\/\/yoast.com\/wordpress\/plugins\/seo\/ -->\n<title>cMT-SVR-100 - ulpr.com<\/title>\n<meta name=\"description\" content=\"cMT-SVR-100 - Weintek Klijent\/Server HMI ure\u0111aj sa dva mre\u017ena porta - cMT HMI Ure\u0111aji. Besplatan Easy Builder PRO softver za programiranje\" \/>\n<meta name=\"robots\" content=\"index, follow, max-snippet:-1, max-image-preview:large, max-video-preview:-1\" \/>\n<link rel=\"canonical\" href=\"https:\/\/ulpr.com\/index.php\/product\/cmt-svr-100\/\" \/>\n<meta property=\"og:locale\" content=\"en_US\" \/>\n<meta property=\"og:type\" content=\"article\" \/>\n<meta property=\"og:title\" content=\"cMT-SVR-100 - ulpr.com\" \/>\n<meta property=\"og:description\" content=\"cMT-SVR-100 - Weintek Klijent\/Server HMI ure\u0111aj sa dva mre\u017ena porta - cMT HMI Ure\u0111aji. Besplatan Easy Builder PRO softver za programiranje\" \/>\n<meta property=\"og:url\" content=\"https:\/\/ulpr.com\/index.php\/product\/cmt-svr-100\/\" \/>\n<meta property=\"og:site_name\" content=\"ulpr.com\" \/>\n<meta property=\"article:modified_time\" content=\"2025-07-07T09:22:02+00:00\" \/>\n<meta property=\"og:image\" content=\"https:\/\/ulpr.com\/wp-content\/uploads\/2024\/03\/cmtsvr100.png\" \/>\n\t<meta property=\"og:image:width\" content=\"570\" \/>\n\t<meta property=\"og:image:height\" content=\"421\" \/>\n\t<meta property=\"og:image:type\" content=\"image\/png\" \/>\n<meta name=\"twitter:card\" content=\"summary_large_image\" \/>\n<meta name=\"twitter:label1\" content=\"Est. reading time\" \/>\n\t<meta name=\"twitter:data1\" content=\"1 minute\" \/>\n<script type=\"application\/ld+json\" class=\"yoast-schema-graph\">{\"@context\":\"https:\/\/schema.org\",\"@graph\":[{\"@type\":\"WebPage\",\"@id\":\"https:\/\/ulpr.com\/index.php\/product\/cmt-svr-100\/\",\"url\":\"https:\/\/ulpr.com\/index.php\/product\/cmt-svr-100\/\",\"name\":\"cMT-SVR-100 - ulpr.com\",\"isPartOf\":{\"@id\":\"https:\/\/ulpr.com\/#website\"},\"primaryImageOfPage\":{\"@id\":\"https:\/\/ulpr.com\/index.php\/product\/cmt-svr-100\/#primaryimage\"},\"image\":{\"@id\":\"https:\/\/ulpr.com\/index.php\/product\/cmt-svr-100\/#primaryimage\"},\"thumbnailUrl\":\"https:\/\/ulpr.com\/wp-content\/uploads\/2024\/03\/cmtsvr100.png\",\"datePublished\":\"2024-03-26T11:57:34+00:00\",\"dateModified\":\"2025-07-07T09:22:02+00:00\",\"description\":\"cMT-SVR-100 - Weintek Klijent\/Server HMI ure\u0111aj sa dva mre\u017ena porta - cMT HMI Ure\u0111aji. Besplatan Easy Builder PRO softver za programiranje\",\"breadcrumb\":{\"@id\":\"https:\/\/ulpr.com\/index.php\/product\/cmt-svr-100\/#breadcrumb\"},\"inLanguage\":\"en-US\",\"potentialAction\":[{\"@type\":\"ReadAction\",\"target\":[\"https:\/\/ulpr.com\/index.php\/product\/cmt-svr-100\/\"]}]},{\"@type\":\"ImageObject\",\"inLanguage\":\"en-US\",\"@id\":\"https:\/\/ulpr.com\/index.php\/product\/cmt-svr-100\/#primaryimage\",\"url\":\"https:\/\/ulpr.com\/wp-content\/uploads\/2024\/03\/cmtsvr100.png\",\"contentUrl\":\"https:\/\/ulpr.com\/wp-content\/uploads\/2024\/03\/cmtsvr100.png\",\"width\":570,\"height\":421,\"caption\":\"Weintek - cMT-SVR-100\"},{\"@type\":\"BreadcrumbList\",\"@id\":\"https:\/\/ulpr.com\/index.php\/product\/cmt-svr-100\/#breadcrumb\",\"itemListElement\":[{\"@type\":\"ListItem\",\"position\":1,\"name\":\"Home\",\"item\":\"https:\/\/ulpr.com\/\"},{\"@type\":\"ListItem\",\"position\":2,\"name\":\"Shop\",\"item\":\"http:\/\/ulpr.com\/index.php\/shop\/\"},{\"@type\":\"ListItem\",\"position\":3,\"name\":\"cMT-SVR-100\"}]},{\"@type\":\"WebSite\",\"@id\":\"https:\/\/ulpr.com\/#website\",\"url\":\"https:\/\/ulpr.com\/\",\"name\":\"ulpr.com\",\"description\":\"UNO-LUX PROCESSING DOO\",\"publisher\":{\"@id\":\"https:\/\/ulpr.com\/#organization\"},\"potentialAction\":[{\"@type\":\"SearchAction\",\"target\":{\"@type\":\"EntryPoint\",\"urlTemplate\":\"https:\/\/ulpr.com\/?s={search_term_string}\"},\"query-input\":{\"@type\":\"PropertyValueSpecification\",\"valueRequired\":true,\"valueName\":\"search_term_string\"}}],\"inLanguage\":\"en-US\"},{\"@type\":\"Organization\",\"@id\":\"https:\/\/ulpr.com\/#organization\",\"name\":\"ulpr.com\",\"url\":\"https:\/\/ulpr.com\/\",\"logo\":{\"@type\":\"ImageObject\",\"inLanguage\":\"en-US\",\"@id\":\"https:\/\/ulpr.com\/#\/schema\/logo\/image\/\",\"url\":\"https:\/\/ulpr.com\/wp-content\/uploads\/2024\/04\/logoBMP-new-3D-v2.png\",\"contentUrl\":\"https:\/\/ulpr.com\/wp-content\/uploads\/2024\/04\/logoBMP-new-3D-v2.png\",\"width\":1574,\"height\":298,\"caption\":\"ulpr.com\"},\"image\":{\"@id\":\"https:\/\/ulpr.com\/#\/schema\/logo\/image\/\"},\"sameAs\":[\"https:\/\/www.linkedin.com\/company\/69699496\/admin\/dashboard\/\"]}]}<\/script>\n<!-- \/ Yoast SEO plugin. -->","yoast_head_json":{"title":"cMT-SVR-100 - ulpr.com","description":"cMT-SVR-100 - Weintek Klijent\/Server HMI ure\u0111aj sa dva mre\u017ena porta - cMT HMI Ure\u0111aji. Besplatan Easy Builder PRO softver za programiranje","robots":{"index":"index","follow":"follow","max-snippet":"max-snippet:-1","max-image-preview":"max-image-preview:large","max-video-preview":"max-video-preview:-1"},"canonical":"https:\/\/ulpr.com\/index.php\/product\/cmt-svr-100\/","og_locale":"en_US","og_type":"article","og_title":"cMT-SVR-100 - ulpr.com","og_description":"cMT-SVR-100 - Weintek Klijent\/Server HMI ure\u0111aj sa dva mre\u017ena porta - cMT HMI Ure\u0111aji. Besplatan Easy Builder PRO softver za programiranje","og_url":"https:\/\/ulpr.com\/index.php\/product\/cmt-svr-100\/","og_site_name":"ulpr.com","article_modified_time":"2025-07-07T09:22:02+00:00","og_image":[{"width":570,"height":421,"url":"https:\/\/ulpr.com\/wp-content\/uploads\/2024\/03\/cmtsvr100.png","type":"image\/png"}],"twitter_card":"summary_large_image","twitter_misc":{"Est. reading time":"1 minute"},"schema":{"@context":"https:\/\/schema.org","@graph":[{"@type":"WebPage","@id":"https:\/\/ulpr.com\/index.php\/product\/cmt-svr-100\/","url":"https:\/\/ulpr.com\/index.php\/product\/cmt-svr-100\/","name":"cMT-SVR-100 - ulpr.com","isPartOf":{"@id":"https:\/\/ulpr.com\/#website"},"primaryImageOfPage":{"@id":"https:\/\/ulpr.com\/index.php\/product\/cmt-svr-100\/#primaryimage"},"image":{"@id":"https:\/\/ulpr.com\/index.php\/product\/cmt-svr-100\/#primaryimage"},"thumbnailUrl":"https:\/\/ulpr.com\/wp-content\/uploads\/2024\/03\/cmtsvr100.png","datePublished":"2024-03-26T11:57:34+00:00","dateModified":"2025-07-07T09:22:02+00:00","description":"cMT-SVR-100 - Weintek Klijent\/Server HMI ure\u0111aj sa dva mre\u017ena porta - cMT HMI Ure\u0111aji. Besplatan Easy Builder PRO softver za programiranje","breadcrumb":{"@id":"https:\/\/ulpr.com\/index.php\/product\/cmt-svr-100\/#breadcrumb"},"inLanguage":"en-US","potentialAction":[{"@type":"ReadAction","target":["https:\/\/ulpr.com\/index.php\/product\/cmt-svr-100\/"]}]},{"@type":"ImageObject","inLanguage":"en-US","@id":"https:\/\/ulpr.com\/index.php\/product\/cmt-svr-100\/#primaryimage","url":"https:\/\/ulpr.com\/wp-content\/uploads\/2024\/03\/cmtsvr100.png","contentUrl":"https:\/\/ulpr.com\/wp-content\/uploads\/2024\/03\/cmtsvr100.png","width":570,"height":421,"caption":"Weintek - cMT-SVR-100"},{"@type":"BreadcrumbList","@id":"https:\/\/ulpr.com\/index.php\/product\/cmt-svr-100\/#breadcrumb","itemListElement":[{"@type":"ListItem","position":1,"name":"Home","item":"https:\/\/ulpr.com\/"},{"@type":"ListItem","position":2,"name":"Shop","item":"http:\/\/ulpr.com\/index.php\/shop\/"},{"@type":"ListItem","position":3,"name":"cMT-SVR-100"}]},{"@type":"WebSite","@id":"https:\/\/ulpr.com\/#website","url":"https:\/\/ulpr.com\/","name":"ulpr.com","description":"UNO-LUX PROCESSING DOO","publisher":{"@id":"https:\/\/ulpr.com\/#organization"},"potentialAction":[{"@type":"SearchAction","target":{"@type":"EntryPoint","urlTemplate":"https:\/\/ulpr.com\/?s={search_term_string}"},"query-input":{"@type":"PropertyValueSpecification","valueRequired":true,"valueName":"search_term_string"}}],"inLanguage":"en-US"},{"@type":"Organization","@id":"https:\/\/ulpr.com\/#organization","name":"ulpr.com","url":"https:\/\/ulpr.com\/","logo":{"@type":"ImageObject","inLanguage":"en-US","@id":"https:\/\/ulpr.com\/#\/schema\/logo\/image\/","url":"https:\/\/ulpr.com\/wp-content\/uploads\/2024\/04\/logoBMP-new-3D-v2.png","contentUrl":"https:\/\/ulpr.com\/wp-content\/uploads\/2024\/04\/logoBMP-new-3D-v2.png","width":1574,"height":298,"caption":"ulpr.com"},"image":{"@id":"https:\/\/ulpr.com\/#\/schema\/logo\/image\/"},"sameAs":["https:\/\/www.linkedin.com\/company\/69699496\/admin\/dashboard\/"]}]}},"_links":{"self":[{"href":"https:\/\/ulpr.com\/index.php\/wp-json\/wp\/v2\/product\/3383","targetHints":{"allow":["GET"]}}],"collection":[{"href":"https:\/\/ulpr.com\/index.php\/wp-json\/wp\/v2\/product"}],"about":[{"href":"https:\/\/ulpr.com\/index.php\/wp-json\/wp\/v2\/types\/product"}],"replies":[{"embeddable":true,"href":"https:\/\/ulpr.com\/index.php\/wp-json\/wp\/v2\/comments?post=3383"}],"wp:featuredmedia":[{"embeddable":true,"href":"https:\/\/ulpr.com\/index.php\/wp-json\/wp\/v2\/media\/4542"}],"wp:attachment":[{"href":"https:\/\/ulpr.com\/index.php\/wp-json\/wp\/v2\/media?parent=3383"}],"wp:term":[{"taxonomy":"product_brand","embeddable":true,"href":"https:\/\/ulpr.com\/index.php\/wp-json\/wp\/v2\/product_brand?post=3383"},{"taxonomy":"product_cat","embeddable":true,"href":"https:\/\/ulpr.com\/index.php\/wp-json\/wp\/v2\/product_cat?post=3383"},{"taxonomy":"product_tag","embeddable":true,"href":"https:\/\/ulpr.com\/index.php\/wp-json\/wp\/v2\/product_tag?post=3383"}],"curies":[{"name":"wp","href":"https:\/\/api.w.org\/{rel}","templated":true}]}}