{"id":2218,"date":"2022-06-25T12:34:36","date_gmt":"2022-06-25T12:34:36","guid":{"rendered":"https:\/\/demo.agnidesigns.com\/luminate\/?page_id=2218"},"modified":"2025-05-30T12:41:18","modified_gmt":"2025-05-30T12:41:18","slug":"aktuelno","status":"publish","type":"page","link":"https:\/\/ulpr.com\/index.php\/aktuelno\/","title":{"rendered":"Aktuelno"},"content":{"rendered":"\n<div style=\"height:10px\" aria-hidden=\"true\" class=\"wp-block-spacer\"><\/div>\n\n\n\n<h2 class=\"wp-block-heading\">Aktuelno &#8211; UNO-LUX PROCESSING inovacije i primene u industriji<\/h2>\n\n\n\n<div style=\"height:10px\" aria-hidden=\"true\" class=\"wp-block-spacer\"><\/div>\n\n\n\n<div class=\"wp-block-columns alignwide is-layout-flex wp-container-core-columns-is-layout-28f84493 wp-block-columns-is-layout-flex\">\n<div class=\"wp-block-column is-layout-flow wp-block-column-is-layout-flow\" style=\"flex-basis:66.66%\">\n<p>Aktuelno &#8211; Najnovije vesti iz sveta industrijske automatizacije i robotskih re\u0161enja. Pratite ULPR blog za inovacije i primene u modernoj industriji. <br>Pratite nas i na platformama <a href=\"https:\/\/rs.linkedin.com\/company\/uno-lux-processing\">Linkedin<\/a> i <a href=\"https:\/\/www.instagram.com\/ulpr2025\/\">Instagram<\/a>.<br>\u00a0<a href=\"https:\/\/ulpr.com\/index.php\/montazna-tehnika\/\">Bosch Rexroth<\/a>,\u00a0<a href=\"https:\/\/ulpr.com\/index.php\/weintek-hmi\/\">Weintek<\/a>,\u00a0<a href=\"https:\/\/ulpr.com\/index.php\/siemens\/\">Siemens<\/a>,\u00a0<a href=\"https:\/\/ulpr.com\/index.php\/automationdirect\/\">AutomationDirect<\/a>,\u00a0<a href=\"https:\/\/ulpr.com\/index.php\/senzori\/\">Wenglor<\/a>,\u00a0<a href=\"https:\/\/ulpr.com\/index.php\/siemens\/\">Siemens<\/a>&#8230;<\/p>\n<\/div>\n\n\n\n<div class=\"wp-block-column is-layout-flow wp-block-column-is-layout-flow\" style=\"flex-basis:33.33%\">\n<figure class=\"wp-block-image size-full is-resized\"><img loading=\"lazy\" decoding=\"async\" width=\"420\" height=\"420\" src=\"http:\/\/ulpr.com\/wp-content\/uploads\/2024\/03\/ctrlx-core.jpg\" alt=\"Bosch Rexroth ctrlX\" class=\"wp-image-3298\" style=\"width:298px;height:auto\" srcset=\"https:\/\/ulpr.com\/wp-content\/uploads\/2024\/03\/ctrlx-core.jpg 420w, https:\/\/ulpr.com\/wp-content\/uploads\/2024\/03\/ctrlx-core-300x300.jpg 300w, https:\/\/ulpr.com\/wp-content\/uploads\/2024\/03\/ctrlx-core-100x100.jpg 100w, https:\/\/ulpr.com\/wp-content\/uploads\/2024\/03\/ctrlx-core-150x150.jpg 150w, https:\/\/ulpr.com\/wp-content\/uploads\/2024\/03\/ctrlx-core-40x40.jpg 40w, https:\/\/ulpr.com\/wp-content\/uploads\/2024\/03\/ctrlx-core-55x55.jpg 55w\" sizes=\"auto, (max-width: 420px) 100vw, 420px\" \/><\/figure>\n<\/div>\n<\/div>\n\n\n\n<div class=\"wp-block-group alignwide is-layout-flow wp-block-group-is-layout-flow\">\n<div class=\"wp-block-query is-layout-flow wp-block-query-is-layout-flow\"><ul class=\"wp-block-post-template is-layout-flow wp-block-post-template-is-layout-flow\"><li class=\"wp-block-post post-5875 post type-post status-publish format-standard has-post-thumbnail hentry category-exterior\">\n<h2 class=\"wp-block-post-title\"><a href=\"https:\/\/ulpr.com\/index.php\/2026\/01\/12\/weintek-cmt2058x-codesys-bundle\/\" target=\"_self\" >WEINTEK cMT2058X CoDeSys Bundle<\/a><\/h2>\n\n<figure class=\"alignwide wp-block-post-featured-image\"><a href=\"https:\/\/ulpr.com\/index.php\/2026\/01\/12\/weintek-cmt2058x-codesys-bundle\/\" target=\"_self\"  ><img loading=\"lazy\" decoding=\"async\" width=\"1900\" height=\"605\" src=\"https:\/\/ulpr.com\/wp-content\/uploads\/2026\/01\/Weintek-banner-2-2.png\" class=\"attachment-post-thumbnail size-post-thumbnail wp-post-image\" alt=\"WEINTEK cMT2058X CoDeSys Bundle\" style=\"object-fit:cover;\" srcset=\"https:\/\/ulpr.com\/wp-content\/uploads\/2026\/01\/Weintek-banner-2-2.png 1900w, https:\/\/ulpr.com\/wp-content\/uploads\/2026\/01\/Weintek-banner-2-2-300x96.png 300w, https:\/\/ulpr.com\/wp-content\/uploads\/2026\/01\/Weintek-banner-2-2-1024x326.png 1024w, https:\/\/ulpr.com\/wp-content\/uploads\/2026\/01\/Weintek-banner-2-2-768x245.png 768w, https:\/\/ulpr.com\/wp-content\/uploads\/2026\/01\/Weintek-banner-2-2-1536x489.png 1536w, https:\/\/ulpr.com\/wp-content\/uploads\/2026\/01\/Weintek-banner-2-2-600x191.png 600w\" sizes=\"auto, (max-width: 1900px) 100vw, 1900px\" \/><\/a><\/figure>\n\n<div class=\"wp-block-post-excerpt\"><p class=\"wp-block-post-excerpt__excerpt\">WEINTEK cMT2058X CoDeSys Bundle &#8211; 4.3&#8243; HMI i CoDeSys SoftPLC (+ PROFINET support) sa 24DI\/16DO MODBUS TCP\/IP Bus coupler-om (+ mogu\u0107nost dodavanja I\/O modula) &#8211; promotivna cena 350 EUR. cMT2058XH \u2013 Weintek Klijent\/Server TOUCH SCREEN OPERATORSKI PANEL 4,3\u2033 \u2013 cMT Standard serija. Svi modeli cMT serije imaju opciju daljinskog pristupa iz lokalne mre\u017ee koriste\u0107i cMT&hellip; <\/p><\/div>\n\n\n<hr class=\"wp-block-separator has-css-opacity\"\/>\n\n\n<div class=\"wp-block-post-date\"><time datetime=\"2026-01-12T09:49:54+00:00\">January 12, 2026<\/time><\/div>\n<\/li><li class=\"wp-block-post post-5372 post type-post status-publish format-standard has-post-thumbnail hentry category-exterior category-inspirations\">\n<h2 class=\"wp-block-post-title\"><a href=\"https:\/\/ulpr.com\/index.php\/2025\/02\/05\/kassow-kolaborativni-roboti\/\" target=\"_self\" >KASSOW &#8211; Kolaborativni roboti<\/a><\/h2>\n\n<figure class=\"alignwide wp-block-post-featured-image\"><a href=\"https:\/\/ulpr.com\/index.php\/2025\/02\/05\/kassow-kolaborativni-roboti\/\" target=\"_self\"  ><img loading=\"lazy\" decoding=\"async\" width=\"2066\" height=\"900\" src=\"https:\/\/ulpr.com\/wp-content\/uploads\/2025\/02\/Kassow-Collaborative-Robots-2.jpg\" class=\"attachment-post-thumbnail size-post-thumbnail wp-post-image\" alt=\"KASSOW &#8211; Kolaborativni roboti\" style=\"object-fit:cover;\" srcset=\"https:\/\/ulpr.com\/wp-content\/uploads\/2025\/02\/Kassow-Collaborative-Robots-2.jpg 2066w, https:\/\/ulpr.com\/wp-content\/uploads\/2025\/02\/Kassow-Collaborative-Robots-2-600x261.jpg 600w, https:\/\/ulpr.com\/wp-content\/uploads\/2025\/02\/Kassow-Collaborative-Robots-2-300x131.jpg 300w, https:\/\/ulpr.com\/wp-content\/uploads\/2025\/02\/Kassow-Collaborative-Robots-2-1024x446.jpg 1024w, https:\/\/ulpr.com\/wp-content\/uploads\/2025\/02\/Kassow-Collaborative-Robots-2-768x335.jpg 768w, https:\/\/ulpr.com\/wp-content\/uploads\/2025\/02\/Kassow-Collaborative-Robots-2-1536x669.jpg 1536w, https:\/\/ulpr.com\/wp-content\/uploads\/2025\/02\/Kassow-Collaborative-Robots-2-2048x892.jpg 2048w\" sizes=\"auto, (max-width: 2066px) 100vw, 2066px\" \/><\/a><\/figure>\n\n<div class=\"wp-block-post-excerpt\"><p class=\"wp-block-post-excerpt__excerpt\">Kassow Robots kolabortativni roboti su sada deo Bosch Rexroth-a. Sa ovom sna\u017enom saradnjom, jo\u0161 vi\u0161e unapre\u0111ujemo na\u0161 napredak u robotskoj tehnologiji i udru\u017eujemo snage kako bismo stvorili jo\u0161 ve\u0107u vrednost za na\u0161e klijente. Kassow Robots osnovan u Kopenhagenu, Danska, razvija i proizvodi jedinstvene i efikasne 7-osne lagane kolaborativne robote za industrijsku primenu. Nosivost od 5&hellip; <\/p><\/div>\n\n\n<hr class=\"wp-block-separator has-css-opacity\"\/>\n\n\n<div class=\"wp-block-post-date\"><time datetime=\"2025-02-05T08:01:36+00:00\">February 5, 2025<\/time><\/div>\n<\/li><li class=\"wp-block-post post-3508 post type-post status-publish format-standard has-post-thumbnail hentry category-exterior category-inspirations category-uncategorized\">\n<h2 class=\"wp-block-post-title\"><a href=\"https:\/\/ulpr.com\/index.php\/2024\/04\/02\/bosch-rexroth-ctrlx-automation\/\" target=\"_self\" >BOSCH REXROTH &#8211; ctrlX AUTOMATION<\/a><\/h2>\n\n<figure class=\"alignwide wp-block-post-featured-image\"><a href=\"https:\/\/ulpr.com\/index.php\/2024\/04\/02\/bosch-rexroth-ctrlx-automation\/\" target=\"_self\"  ><img loading=\"lazy\" decoding=\"async\" width=\"734\" height=\"366\" src=\"https:\/\/ulpr.com\/wp-content\/uploads\/2024\/04\/ctrlx01.jpg\" class=\"attachment-post-thumbnail size-post-thumbnail wp-post-image\" alt=\"BOSCH REXROTH &#8211; ctrlX AUTOMATION\" style=\"object-fit:cover;\" srcset=\"https:\/\/ulpr.com\/wp-content\/uploads\/2024\/04\/ctrlx01.jpg 734w, https:\/\/ulpr.com\/wp-content\/uploads\/2024\/04\/ctrlx01-600x299.jpg 600w, https:\/\/ulpr.com\/wp-content\/uploads\/2024\/04\/ctrlx01-300x150.jpg 300w, https:\/\/ulpr.com\/wp-content\/uploads\/2024\/04\/ctrlx01-40x20.jpg 40w, https:\/\/ulpr.com\/wp-content\/uploads\/2024\/04\/ctrlx01-55x27.jpg 55w, https:\/\/ulpr.com\/wp-content\/uploads\/2024\/04\/ctrlx01-100x50.jpg 100w\" sizes=\"auto, (max-width: 734px) 100vw, 734px\" \/><\/a><\/figure>\n\n<div class=\"wp-block-post-excerpt\"><p class=\"wp-block-post-excerpt__excerpt\">Bosch Rexroth predstavlja novi industrijski upravlja\u010dki sistem budu\u0107nosti &#8211; ctrlX CORESvojom otvorenom i fleksibilnom arhitekturom ova upravlja\u010dka platforma uklanja granice izme\u0111u IPC-a, embedded sistema i pogonskih tehnolo\u0161kih platformi. Ovaj skalabilni \u201evi\u0161enamenski sistem upravljanja\u201c nudi brojne prednosti poput manjeg zahteva za komponentama i smanjenog in\u017eenjerskog napora kao i ve\u0107e produktivnosti.Pomo\u0107u modularnog softverskog alata &#8211; ctrlX WORKS&hellip; <\/p><\/div>\n\n\n<hr class=\"wp-block-separator has-css-opacity\"\/>\n\n\n<div class=\"wp-block-post-date\"><time datetime=\"2024-04-02T12:09:54+00:00\">April 2, 2024<\/time><\/div>\n<\/li><\/ul><\/div>\n<\/div>\n","protected":false},"excerpt":{"rendered":"<p>Aktuelno &#8211; UNO-LUX PROCESSING inovacije i primene u industriji Aktuelno &#8211; Najnovije vesti iz sveta industrijske automatizacije i robotskih re\u0161enja. Pratite ULPR blog za inovacije i primene u modernoj industriji. Pratite nas i na platformama Linkedin i Instagram.\u00a0Bosch Rexroth,\u00a0Weintek,\u00a0Siemens,\u00a0AutomationDirect,\u00a0Wenglor,\u00a0Siemens&#8230;<\/p>\n","protected":false},"author":1,"featured_media":0,"parent":0,"menu_order":0,"comment_status":"closed","ping_status":"closed","template":"page-blank","meta":{"footnotes":""},"class_list":["post-2218","page","type-page","status-publish","hentry"],"yoast_head":"<!-- This site is optimized with the Yoast SEO plugin v26.6 - https:\/\/yoast.com\/wordpress\/plugins\/seo\/ -->\n<title>Aktuelno - ulpr.com<\/title>\n<meta name=\"description\" content=\"Aktuelno - Najnovije vesti iz sveta industrijske automatizacije i robotskih re\u0161enja. ULPR blog za inovacije i primene u modernoj industriji.\" \/>\n<meta name=\"robots\" content=\"index, follow, max-snippet:-1, max-image-preview:large, max-video-preview:-1\" \/>\n<link rel=\"canonical\" href=\"https:\/\/ulpr.com\/index.php\/aktuelno\/\" \/>\n<meta property=\"og:locale\" content=\"en_US\" \/>\n<meta property=\"og:type\" content=\"article\" \/>\n<meta property=\"og:title\" content=\"Aktuelno - ulpr.com\" \/>\n<meta property=\"og:description\" content=\"Aktuelno - Najnovije vesti iz sveta industrijske automatizacije i robotskih re\u0161enja. ULPR blog za inovacije i primene u modernoj industriji.\" \/>\n<meta property=\"og:url\" content=\"https:\/\/ulpr.com\/index.php\/aktuelno\/\" \/>\n<meta property=\"og:site_name\" content=\"ulpr.com\" \/>\n<meta property=\"article:modified_time\" content=\"2025-05-30T12:41:18+00:00\" \/>\n<meta property=\"og:image\" content=\"http:\/\/ulpr.com\/wp-content\/uploads\/2024\/03\/ctrlx-core.jpg\" \/>\n<meta name=\"twitter:card\" content=\"summary_large_image\" \/>\n<meta name=\"twitter:label1\" content=\"Est. reading time\" \/>\n\t<meta name=\"twitter:data1\" content=\"1 minute\" \/>\n<script type=\"application\/ld+json\" class=\"yoast-schema-graph\">{\"@context\":\"https:\/\/schema.org\",\"@graph\":[{\"@type\":\"WebPage\",\"@id\":\"https:\/\/ulpr.com\/index.php\/aktuelno\/\",\"url\":\"https:\/\/ulpr.com\/index.php\/aktuelno\/\",\"name\":\"Aktuelno - ulpr.com\",\"isPartOf\":{\"@id\":\"https:\/\/ulpr.com\/#website\"},\"primaryImageOfPage\":{\"@id\":\"https:\/\/ulpr.com\/index.php\/aktuelno\/#primaryimage\"},\"image\":{\"@id\":\"https:\/\/ulpr.com\/index.php\/aktuelno\/#primaryimage\"},\"thumbnailUrl\":\"http:\/\/ulpr.com\/wp-content\/uploads\/2024\/03\/ctrlx-core.jpg\",\"datePublished\":\"2022-06-25T12:34:36+00:00\",\"dateModified\":\"2025-05-30T12:41:18+00:00\",\"description\":\"Aktuelno - Najnovije vesti iz sveta industrijske automatizacije i robotskih re\u0161enja. ULPR blog za inovacije i primene u modernoj industriji.\",\"breadcrumb\":{\"@id\":\"https:\/\/ulpr.com\/index.php\/aktuelno\/#breadcrumb\"},\"inLanguage\":\"en-US\",\"potentialAction\":[{\"@type\":\"ReadAction\",\"target\":[\"https:\/\/ulpr.com\/index.php\/aktuelno\/\"]}]},{\"@type\":\"ImageObject\",\"inLanguage\":\"en-US\",\"@id\":\"https:\/\/ulpr.com\/index.php\/aktuelno\/#primaryimage\",\"url\":\"https:\/\/ulpr.com\/wp-content\/uploads\/2024\/03\/ctrlx-core.jpg\",\"contentUrl\":\"https:\/\/ulpr.com\/wp-content\/uploads\/2024\/03\/ctrlx-core.jpg\",\"width\":420,\"height\":420},{\"@type\":\"BreadcrumbList\",\"@id\":\"https:\/\/ulpr.com\/index.php\/aktuelno\/#breadcrumb\",\"itemListElement\":[{\"@type\":\"ListItem\",\"position\":1,\"name\":\"Home\",\"item\":\"https:\/\/ulpr.com\/\"},{\"@type\":\"ListItem\",\"position\":2,\"name\":\"Aktuelno\"}]},{\"@type\":\"WebSite\",\"@id\":\"https:\/\/ulpr.com\/#website\",\"url\":\"https:\/\/ulpr.com\/\",\"name\":\"ulpr.com\",\"description\":\"UNO-LUX PROCESSING DOO\",\"publisher\":{\"@id\":\"https:\/\/ulpr.com\/#organization\"},\"potentialAction\":[{\"@type\":\"SearchAction\",\"target\":{\"@type\":\"EntryPoint\",\"urlTemplate\":\"https:\/\/ulpr.com\/?s={search_term_string}\"},\"query-input\":{\"@type\":\"PropertyValueSpecification\",\"valueRequired\":true,\"valueName\":\"search_term_string\"}}],\"inLanguage\":\"en-US\"},{\"@type\":\"Organization\",\"@id\":\"https:\/\/ulpr.com\/#organization\",\"name\":\"ulpr.com\",\"url\":\"https:\/\/ulpr.com\/\",\"logo\":{\"@type\":\"ImageObject\",\"inLanguage\":\"en-US\",\"@id\":\"https:\/\/ulpr.com\/#\/schema\/logo\/image\/\",\"url\":\"https:\/\/ulpr.com\/wp-content\/uploads\/2024\/04\/logoBMP-new-3D-v2.png\",\"contentUrl\":\"https:\/\/ulpr.com\/wp-content\/uploads\/2024\/04\/logoBMP-new-3D-v2.png\",\"width\":1574,\"height\":298,\"caption\":\"ulpr.com\"},\"image\":{\"@id\":\"https:\/\/ulpr.com\/#\/schema\/logo\/image\/\"},\"sameAs\":[\"https:\/\/www.linkedin.com\/company\/69699496\/admin\/dashboard\/\"]}]}<\/script>\n<!-- \/ Yoast SEO plugin. -->","yoast_head_json":{"title":"Aktuelno - ulpr.com","description":"Aktuelno - Najnovije vesti iz sveta industrijske automatizacije i robotskih re\u0161enja. ULPR blog za inovacije i primene u modernoj industriji.","robots":{"index":"index","follow":"follow","max-snippet":"max-snippet:-1","max-image-preview":"max-image-preview:large","max-video-preview":"max-video-preview:-1"},"canonical":"https:\/\/ulpr.com\/index.php\/aktuelno\/","og_locale":"en_US","og_type":"article","og_title":"Aktuelno - ulpr.com","og_description":"Aktuelno - Najnovije vesti iz sveta industrijske automatizacije i robotskih re\u0161enja. ULPR blog za inovacije i primene u modernoj industriji.","og_url":"https:\/\/ulpr.com\/index.php\/aktuelno\/","og_site_name":"ulpr.com","article_modified_time":"2025-05-30T12:41:18+00:00","og_image":[{"url":"http:\/\/ulpr.com\/wp-content\/uploads\/2024\/03\/ctrlx-core.jpg","type":"","width":"","height":""}],"twitter_card":"summary_large_image","twitter_misc":{"Est. reading time":"1 minute"},"schema":{"@context":"https:\/\/schema.org","@graph":[{"@type":"WebPage","@id":"https:\/\/ulpr.com\/index.php\/aktuelno\/","url":"https:\/\/ulpr.com\/index.php\/aktuelno\/","name":"Aktuelno - ulpr.com","isPartOf":{"@id":"https:\/\/ulpr.com\/#website"},"primaryImageOfPage":{"@id":"https:\/\/ulpr.com\/index.php\/aktuelno\/#primaryimage"},"image":{"@id":"https:\/\/ulpr.com\/index.php\/aktuelno\/#primaryimage"},"thumbnailUrl":"http:\/\/ulpr.com\/wp-content\/uploads\/2024\/03\/ctrlx-core.jpg","datePublished":"2022-06-25T12:34:36+00:00","dateModified":"2025-05-30T12:41:18+00:00","description":"Aktuelno - Najnovije vesti iz sveta industrijske automatizacije i robotskih re\u0161enja. ULPR blog za inovacije i primene u modernoj industriji.","breadcrumb":{"@id":"https:\/\/ulpr.com\/index.php\/aktuelno\/#breadcrumb"},"inLanguage":"en-US","potentialAction":[{"@type":"ReadAction","target":["https:\/\/ulpr.com\/index.php\/aktuelno\/"]}]},{"@type":"ImageObject","inLanguage":"en-US","@id":"https:\/\/ulpr.com\/index.php\/aktuelno\/#primaryimage","url":"https:\/\/ulpr.com\/wp-content\/uploads\/2024\/03\/ctrlx-core.jpg","contentUrl":"https:\/\/ulpr.com\/wp-content\/uploads\/2024\/03\/ctrlx-core.jpg","width":420,"height":420},{"@type":"BreadcrumbList","@id":"https:\/\/ulpr.com\/index.php\/aktuelno\/#breadcrumb","itemListElement":[{"@type":"ListItem","position":1,"name":"Home","item":"https:\/\/ulpr.com\/"},{"@type":"ListItem","position":2,"name":"Aktuelno"}]},{"@type":"WebSite","@id":"https:\/\/ulpr.com\/#website","url":"https:\/\/ulpr.com\/","name":"ulpr.com","description":"UNO-LUX PROCESSING DOO","publisher":{"@id":"https:\/\/ulpr.com\/#organization"},"potentialAction":[{"@type":"SearchAction","target":{"@type":"EntryPoint","urlTemplate":"https:\/\/ulpr.com\/?s={search_term_string}"},"query-input":{"@type":"PropertyValueSpecification","valueRequired":true,"valueName":"search_term_string"}}],"inLanguage":"en-US"},{"@type":"Organization","@id":"https:\/\/ulpr.com\/#organization","name":"ulpr.com","url":"https:\/\/ulpr.com\/","logo":{"@type":"ImageObject","inLanguage":"en-US","@id":"https:\/\/ulpr.com\/#\/schema\/logo\/image\/","url":"https:\/\/ulpr.com\/wp-content\/uploads\/2024\/04\/logoBMP-new-3D-v2.png","contentUrl":"https:\/\/ulpr.com\/wp-content\/uploads\/2024\/04\/logoBMP-new-3D-v2.png","width":1574,"height":298,"caption":"ulpr.com"},"image":{"@id":"https:\/\/ulpr.com\/#\/schema\/logo\/image\/"},"sameAs":["https:\/\/www.linkedin.com\/company\/69699496\/admin\/dashboard\/"]}]}},"_links":{"self":[{"href":"https:\/\/ulpr.com\/index.php\/wp-json\/wp\/v2\/pages\/2218","targetHints":{"allow":["GET"]}}],"collection":[{"href":"https:\/\/ulpr.com\/index.php\/wp-json\/wp\/v2\/pages"}],"about":[{"href":"https:\/\/ulpr.com\/index.php\/wp-json\/wp\/v2\/types\/page"}],"author":[{"embeddable":true,"href":"https:\/\/ulpr.com\/index.php\/wp-json\/wp\/v2\/users\/1"}],"replies":[{"embeddable":true,"href":"https:\/\/ulpr.com\/index.php\/wp-json\/wp\/v2\/comments?post=2218"}],"version-history":[{"count":7,"href":"https:\/\/ulpr.com\/index.php\/wp-json\/wp\/v2\/pages\/2218\/revisions"}],"predecessor-version":[{"id":5460,"href":"https:\/\/ulpr.com\/index.php\/wp-json\/wp\/v2\/pages\/2218\/revisions\/5460"}],"wp:attachment":[{"href":"https:\/\/ulpr.com\/index.php\/wp-json\/wp\/v2\/media?parent=2218"}],"curies":[{"name":"wp","href":"https:\/\/api.w.org\/{rel}","templated":true}]}}