{"id":2,"date":"2022-12-14T13:34:53","date_gmt":"2022-12-14T13:34:53","guid":{"rendered":"http:\/\/ulpr.com\/?page_id=2"},"modified":"2025-05-30T12:41:31","modified_gmt":"2025-05-30T12:41:31","slug":"projekti","status":"publish","type":"page","link":"https:\/\/ulpr.com\/index.php\/projekti\/","title":{"rendered":"Projekti"},"content":{"rendered":"\n<div style=\"height:10px\" aria-hidden=\"true\" class=\"wp-block-spacer\"><\/div>\n\n\n\n<h2 class=\"wp-block-heading has-text-align-center\">Projekti UNO-LUX PROCESSING \u2013 Bosch Rexroth CE Partner<\/h2>\n\n\n\n<div style=\"height:10px\" aria-hidden=\"true\" class=\"wp-block-spacer\"><\/div>\n\n\n\n<div class=\"wp-block-columns alignwide is-layout-flex wp-container-core-columns-is-layout-28f84493 wp-block-columns-is-layout-flex\">\n<div class=\"wp-block-column is-layout-flow wp-block-column-is-layout-flow\" style=\"flex-basis:66.66%\">\n<p>Kao ku\u0107a automatizacije, Bosch Rexroth Vam nudi sve \u0161to je potrebno za Va\u0161e moderne proizvodne pogone. Integracija kretanja, logike i vizuelizacije na razli\u010ditim platformama pru\u017ea mogu\u0107nost ekonomi\u010dne primene od jednostavnih CNC ma\u0161ina i manipulatora do slo\u017eenih i fleksibilnih, vi\u0161eosnih motion-logic aplikacija. Postoje tri tipa platformi: pogonski bazirana re\u0161enja (PLC integrisan u servo regulatoru), PLC kontroler bazirana re\u0161enja kao i PC bazirana re\u0161enja.<br>Rexroth proizvodi (nekada\u0161nji Indramat, Bosch Automation) iz domena elektro pogona i upravljanja u kombinaciji sa ostalim Rexroth tehnologijama (hidraulika, pneumatika, linearna i monta\u017ean tehnika) obezbe\u0111uju me\u0111usobno lako povezivanje i visok nivo tehni\u010dkih re\u0161enja.<br>Aluminijumske konstrukcije, ergonomska radna mesta, transporteri za automatizaciju proizvodnih linija.<br>Bosch Rexroth linearna tehnika, komponente, sistemi i mehatronska re\u0161enja obezbe\u0111uju pouzdano vo\u0111enje, precizno pozicioniranje i naprednu manipulaciju. Kolica i vo\u0111ice, navojna vretena, osovine i le\u017eajevi, elektromehani\u010dki cilindri, linearne ose.<\/p>\n\n\n\n<p>Od 2014. godine UNO-LUX PROCESSING je sertifikovani CE partner kompanije BOSCH-REXROTH. Distributer za programe&nbsp;<a href=\"http:\/\/ulpr.com\/index.php\/linearna-tehnika\/\">linearne tehnike<\/a>,&nbsp;<a href=\"http:\/\/ulpr.com\/index.php\/montazna-tehnika\/\">monta\u017ene tehnike<\/a>,&nbsp;<a href=\"http:\/\/ulpr.com\/index.php\/servo-motori-bosch-rexroth\/\">elektro pogona<\/a>&nbsp;i&nbsp;<a href=\"http:\/\/ulpr.com\/index.php\/automatizacija\/ctrlx\/\">industrijske automatizacije<\/a>.<\/p>\n\n\n\n<p>Mi smo tako\u0111e i\u00a0<a href=\"https:\/\/ulpr.com\/index.php\/servis\/\">Service point<\/a>\u00a0kompanije Bosch Rexorth u Srbiji. Nudimo i retrofit ma\u0161ina koje poseduju stariju Rexroth opremu i zamenu te opreme najnovijom uz testiranje u pu\u0161tanje u rad.<\/p>\n<\/div>\n\n\n\n<div class=\"wp-block-column is-layout-flow wp-block-column-is-layout-flow\" style=\"flex-basis:33.33%\">\n<figure class=\"wp-block-image aligncenter size-large is-resized\"><img loading=\"lazy\" decoding=\"async\" width=\"874\" height=\"1024\" src=\"http:\/\/ulpr.com\/wp-content\/uploads\/2024\/08\/CE_Partner_Label_Distribution_RGB_220mm-874x1024.png\" alt=\"Bosch Rexroth\" class=\"wp-image-5028\" style=\"width:367px;height:auto\" srcset=\"https:\/\/ulpr.com\/wp-content\/uploads\/2024\/08\/CE_Partner_Label_Distribution_RGB_220mm-874x1024.png 874w, https:\/\/ulpr.com\/wp-content\/uploads\/2024\/08\/CE_Partner_Label_Distribution_RGB_220mm-600x703.png 600w, https:\/\/ulpr.com\/wp-content\/uploads\/2024\/08\/CE_Partner_Label_Distribution_RGB_220mm-256x300.png 256w, https:\/\/ulpr.com\/wp-content\/uploads\/2024\/08\/CE_Partner_Label_Distribution_RGB_220mm-768x900.png 768w, https:\/\/ulpr.com\/wp-content\/uploads\/2024\/08\/CE_Partner_Label_Distribution_RGB_220mm-1310x1536.png 1310w, https:\/\/ulpr.com\/wp-content\/uploads\/2024\/08\/CE_Partner_Label_Distribution_RGB_220mm-1747x2048.png 1747w\" sizes=\"auto, (max-width: 874px) 100vw, 874px\" \/><figcaption class=\"wp-element-caption\">Bosch Rexroth<\/figcaption><\/figure>\n<\/div>\n<\/div>\n\n\n\n<div style=\"height:25px\" aria-hidden=\"true\" class=\"wp-block-spacer\"><\/div>\n\n\n\n<div class=\"wp-block-columns alignwide is-layout-flex wp-container-core-columns-is-layout-28f84493 wp-block-columns-is-layout-flex\">\n<div class=\"wp-block-column is-layout-flow wp-block-column-is-layout-flow\">\n<p class=\"has-large-font-size\"><strong>PROJEKTI<\/strong> &#8211; Procesna industrija<\/p>\n\n\n\n<p>UNO-LUX PROCESSING d.o.o. poseduje veliki broj aplikacija u oblasti industrijske automatike. Posedujemo veliko iskustvo u vo\u0111enju procesa vodosnabdevanja, vo\u0111enju procesa u prehrambenoj industriji, regulaciji termi\u010dkih procesa, servisu, remontu i pu\u0161tanju u rad asfaltnih i betonskih baza, akviziciji potro\u0161nje elektri\u010dne energije, procesima regulacije rada kotlarnica i toplotnih podstanica&#8230; O nama najbolje govore na\u0161e&nbsp;<a rel=\"noreferrer noopener\" href=\"https:\/\/ulpr.com\/pdf\/Reference%20UNO-LUX%20PROCESSING.pdf\" target=\"_blank\">reference<\/a>.<\/p>\n<\/div>\n\n\n\n<div class=\"wp-block-column is-layout-flow wp-block-column-is-layout-flow\">\n<p class=\"has-large-font-size\"><strong>PROJEKTI<\/strong> &#8211; Ma\u0161inogradnja<\/p>\n\n\n\n<p>Elektro i ma\u0161insko projektovanje. Isporuka specijalne industrijske opreme. Ma\u0161ine specijalne namene, ma\u0161ine za fabrike u autoindustriji, transportni sistemi&#8230; Na\u0161i klijenti su ROBERT BOSCH, GRUNDFOS, CONTINENTAL, ZF, BROSE, GROSS OPTIC, EATON, VORWERK, 9. SEPTEMBAR, TOYO, KOENIG METAL, JOHNSON ELECTRIC, TIGAR TYRES, BEOROL, FLENDER, AMETEK, DRAXLMAIER, MESSER TEHNOGAS&#8230;&#8230;<\/p>\n<\/div>\n<\/div>\n\n\n\n<div style=\"height:25px\" aria-hidden=\"true\" class=\"wp-block-spacer\"><\/div>\n\n\n\n<div class=\"wp-block-query alignwide is-layout-flow wp-block-query-is-layout-flow\"><ul class=\"wp-block-post-template is-layout-flow wp-block-post-template-is-layout-flow\"><li class=\"wp-block-post post-5394 post type-post status-publish format-standard has-post-thumbnail hentry category-editorials\">\n<h2 class=\"wp-block-post-title\"><a href=\"https:\/\/ulpr.com\/index.php\/2025\/02\/21\/energomont-automatika-odmotaca-profilne-zice\/\" target=\"_self\" >ENERGOMONT &#8211; Automatika odmota\u010da profilne \u017eice<\/a><\/h2>\n\n<div class=\"wp-block-post-date\"><time datetime=\"2025-02-21T21:45:39+00:00\">February 21, 2025<\/time><\/div>\n\n<figure class=\"alignwide wp-block-post-featured-image\"><a href=\"https:\/\/ulpr.com\/index.php\/2025\/02\/21\/energomont-automatika-odmotaca-profilne-zice\/\" target=\"_self\"  ><img loading=\"lazy\" decoding=\"async\" width=\"1512\" height=\"684\" src=\"https:\/\/ulpr.com\/wp-content\/uploads\/2025\/02\/IMG_1643a.jpg\" class=\"attachment-post-thumbnail size-post-thumbnail wp-post-image\" alt=\"ENERGOMONT &#8211; Automatika odmota\u010da profilne \u017eice\" style=\"object-fit:cover;\" srcset=\"https:\/\/ulpr.com\/wp-content\/uploads\/2025\/02\/IMG_1643a.jpg 1512w, https:\/\/ulpr.com\/wp-content\/uploads\/2025\/02\/IMG_1643a-600x271.jpg 600w, https:\/\/ulpr.com\/wp-content\/uploads\/2025\/02\/IMG_1643a-300x136.jpg 300w, https:\/\/ulpr.com\/wp-content\/uploads\/2025\/02\/IMG_1643a-1024x463.jpg 1024w, https:\/\/ulpr.com\/wp-content\/uploads\/2025\/02\/IMG_1643a-768x347.jpg 768w\" sizes=\"auto, (max-width: 1512px) 100vw, 1512px\" \/><\/a><\/figure>\n\n<div class=\"wp-block-post-excerpt\"><p class=\"wp-block-post-excerpt__excerpt\">Kompanija ENERGOMONT iz Ba\u010dki Vinograda je na\u0161 dugogodi\u0161nji partner i zajedno smo uradili puno projekata. Ovoga puta automatizovali smo odmota\u010d profile \u017eice za motanje transformatora. Kao PLC koristili smo Rexroth ctrlX Core kontroler.<\/p><p class=\"wp-block-post-excerpt__more-text\"><a class=\"wp-block-post-excerpt__more-link\" href=\"https:\/\/ulpr.com\/index.php\/2025\/02\/21\/energomont-automatika-odmotaca-profilne-zice\/\">Vi\u0161e o&#8230;<\/a><\/p><\/div>\n\n\n<hr class=\"wp-block-separator has-css-opacity\"\/>\n\n<\/li><li class=\"wp-block-post post-4904 post type-post status-publish format-standard has-post-thumbnail hentry category-editorials\">\n<h2 class=\"wp-block-post-title\"><a href=\"https:\/\/ulpr.com\/index.php\/2024\/08\/09\/varioflow-transporteri-gross-optic\/\" target=\"_self\" >VARIOFLOW Transporteri &#8211; GROSS OPTIC<\/a><\/h2>\n\n<div class=\"wp-block-post-date\"><time datetime=\"2024-08-09T08:54:37+00:00\">August 9, 2024<\/time><\/div>\n\n<figure class=\"alignwide wp-block-post-featured-image\"><a href=\"https:\/\/ulpr.com\/index.php\/2024\/08\/09\/varioflow-transporteri-gross-optic\/\" target=\"_self\"  ><img loading=\"lazy\" decoding=\"async\" width=\"2560\" height=\"1092\" src=\"https:\/\/ulpr.com\/wp-content\/uploads\/2024\/08\/IMG_7483-scaled.jpg\" class=\"attachment-post-thumbnail size-post-thumbnail wp-post-image\" alt=\"VARIOFLOW Transporteri &#8211; GROSS OPTIC\" style=\"object-fit:cover;\" srcset=\"https:\/\/ulpr.com\/wp-content\/uploads\/2024\/08\/IMG_7483-scaled.jpg 2560w, https:\/\/ulpr.com\/wp-content\/uploads\/2024\/08\/IMG_7483-scaled-600x256.jpg 600w, https:\/\/ulpr.com\/wp-content\/uploads\/2024\/08\/IMG_7483-300x128.jpg 300w, https:\/\/ulpr.com\/wp-content\/uploads\/2024\/08\/IMG_7483-1024x437.jpg 1024w, https:\/\/ulpr.com\/wp-content\/uploads\/2024\/08\/IMG_7483-768x328.jpg 768w, https:\/\/ulpr.com\/wp-content\/uploads\/2024\/08\/IMG_7483-1536x655.jpg 1536w, https:\/\/ulpr.com\/wp-content\/uploads\/2024\/08\/IMG_7483-2048x874.jpg 2048w\" sizes=\"auto, (max-width: 2560px) 100vw, 2560px\" \/><\/a><\/figure>\n\n<div class=\"wp-block-post-excerpt\"><p class=\"wp-block-post-excerpt__excerpt\">GROSS OPTIC &#8211; Grossoptic kompanija zauzima vode\u0107u poziciju na tr\u017ei\u0161tu optike u jugoisto\u010dnoj Evropi. U Srbiji Grossoptic poseduje pogon za proizvodnju mineralnih so\u010diva i pogon za proizvodnju recepturnih oftalmolo\u0161kih so\u010diva. U protekle 4 godine kompanija se okrenula automatizovanom transportu proizvoda izme\u0111u ma\u0161ina i za implementaciju ovog procesa odabrala je UNO-LUX PROCESSING i Rexroth VARIOFLOW transportne<\/p><p class=\"wp-block-post-excerpt__more-text\"><a class=\"wp-block-post-excerpt__more-link\" href=\"https:\/\/ulpr.com\/index.php\/2024\/08\/09\/varioflow-transporteri-gross-optic\/\">Vi\u0161e o&#8230;<\/a><\/p><\/div>\n\n\n<hr class=\"wp-block-separator has-css-opacity\"\/>\n\n<\/li><\/ul><\/div>\n\n\n\n<div style=\"height:25px\" aria-hidden=\"true\" class=\"wp-block-spacer\"><\/div>\n","protected":false},"excerpt":{"rendered":"<p>Projekti UNO-LUX PROCESSING \u2013 Bosch Rexroth CE Partner Kao ku\u0107a automatizacije, Bosch Rexroth Vam nudi sve \u0161to je potrebno za Va\u0161e moderne proizvodne pogone. Integracija kretanja, logike i vizuelizacije na razli\u010ditim platformama pru\u017ea mogu\u0107nost ekonomi\u010dne primene od jednostavnih CNC ma\u0161ina i manipulatora do slo\u017eenih i fleksibilnih, vi\u0161eosnih motion-logic aplikacija. Postoje tri tipa platformi: pogonski bazirana [&hellip;]<\/p>\n","protected":false},"author":1,"featured_media":0,"parent":0,"menu_order":0,"comment_status":"closed","ping_status":"open","template":"page-blank","meta":{"footnotes":""},"class_list":["post-2","page","type-page","status-publish","hentry"],"yoast_head":"<!-- This site is optimized with the Yoast SEO plugin v26.6 - https:\/\/yoast.com\/wordpress\/plugins\/seo\/ -->\n<title>Projekti - ulpr.com<\/title>\n<meta name=\"description\" content=\"Elektro i ma\u0161inski projekti. Ma\u0161ine specijalne namene, ma\u0161ine za fabrike u autoindustriji, transportni sistemi...\" \/>\n<meta name=\"robots\" content=\"index, follow, max-snippet:-1, max-image-preview:large, max-video-preview:-1\" \/>\n<link rel=\"canonical\" href=\"https:\/\/ulpr.com\/index.php\/projekti\/\" \/>\n<meta property=\"og:locale\" content=\"en_US\" \/>\n<meta property=\"og:type\" content=\"article\" \/>\n<meta property=\"og:title\" content=\"Projekti - ulpr.com\" \/>\n<meta property=\"og:description\" content=\"Elektro i ma\u0161inski projekti. Ma\u0161ine specijalne namene, ma\u0161ine za fabrike u autoindustriji, transportni sistemi...\" \/>\n<meta property=\"og:url\" content=\"https:\/\/ulpr.com\/index.php\/projekti\/\" \/>\n<meta property=\"og:site_name\" content=\"ulpr.com\" \/>\n<meta property=\"article:modified_time\" content=\"2025-05-30T12:41:31+00:00\" \/>\n<meta property=\"og:image\" content=\"http:\/\/ulpr.com\/wp-content\/uploads\/2024\/08\/CE_Partner_Label_Distribution_RGB_220mm-874x1024.png\" \/>\n<meta name=\"twitter:card\" content=\"summary_large_image\" \/>\n<meta name=\"twitter:label1\" content=\"Est. reading time\" \/>\n\t<meta name=\"twitter:data1\" content=\"2 minutes\" \/>\n<script type=\"application\/ld+json\" class=\"yoast-schema-graph\">{\"@context\":\"https:\/\/schema.org\",\"@graph\":[{\"@type\":\"WebPage\",\"@id\":\"https:\/\/ulpr.com\/index.php\/projekti\/\",\"url\":\"https:\/\/ulpr.com\/index.php\/projekti\/\",\"name\":\"Projekti - ulpr.com\",\"isPartOf\":{\"@id\":\"https:\/\/ulpr.com\/#website\"},\"primaryImageOfPage\":{\"@id\":\"https:\/\/ulpr.com\/index.php\/projekti\/#primaryimage\"},\"image\":{\"@id\":\"https:\/\/ulpr.com\/index.php\/projekti\/#primaryimage\"},\"thumbnailUrl\":\"http:\/\/ulpr.com\/wp-content\/uploads\/2024\/08\/CE_Partner_Label_Distribution_RGB_220mm-874x1024.png\",\"datePublished\":\"2022-12-14T13:34:53+00:00\",\"dateModified\":\"2025-05-30T12:41:31+00:00\",\"description\":\"Elektro i ma\u0161inski projekti. Ma\u0161ine specijalne namene, ma\u0161ine za fabrike u autoindustriji, transportni sistemi...\",\"breadcrumb\":{\"@id\":\"https:\/\/ulpr.com\/index.php\/projekti\/#breadcrumb\"},\"inLanguage\":\"en-US\",\"potentialAction\":[{\"@type\":\"ReadAction\",\"target\":[\"https:\/\/ulpr.com\/index.php\/projekti\/\"]}]},{\"@type\":\"ImageObject\",\"inLanguage\":\"en-US\",\"@id\":\"https:\/\/ulpr.com\/index.php\/projekti\/#primaryimage\",\"url\":\"https:\/\/ulpr.com\/wp-content\/uploads\/2024\/08\/CE_Partner_Label_Distribution_RGB_220mm-scaled.png\",\"contentUrl\":\"https:\/\/ulpr.com\/wp-content\/uploads\/2024\/08\/CE_Partner_Label_Distribution_RGB_220mm-scaled.png\",\"width\":2184,\"height\":2560,\"caption\":\"Bosch Rexroth\"},{\"@type\":\"BreadcrumbList\",\"@id\":\"https:\/\/ulpr.com\/index.php\/projekti\/#breadcrumb\",\"itemListElement\":[{\"@type\":\"ListItem\",\"position\":1,\"name\":\"Home\",\"item\":\"https:\/\/ulpr.com\/\"},{\"@type\":\"ListItem\",\"position\":2,\"name\":\"Projekti\"}]},{\"@type\":\"WebSite\",\"@id\":\"https:\/\/ulpr.com\/#website\",\"url\":\"https:\/\/ulpr.com\/\",\"name\":\"ulpr.com\",\"description\":\"UNO-LUX PROCESSING DOO\",\"publisher\":{\"@id\":\"https:\/\/ulpr.com\/#organization\"},\"potentialAction\":[{\"@type\":\"SearchAction\",\"target\":{\"@type\":\"EntryPoint\",\"urlTemplate\":\"https:\/\/ulpr.com\/?s={search_term_string}\"},\"query-input\":{\"@type\":\"PropertyValueSpecification\",\"valueRequired\":true,\"valueName\":\"search_term_string\"}}],\"inLanguage\":\"en-US\"},{\"@type\":\"Organization\",\"@id\":\"https:\/\/ulpr.com\/#organization\",\"name\":\"ulpr.com\",\"url\":\"https:\/\/ulpr.com\/\",\"logo\":{\"@type\":\"ImageObject\",\"inLanguage\":\"en-US\",\"@id\":\"https:\/\/ulpr.com\/#\/schema\/logo\/image\/\",\"url\":\"https:\/\/ulpr.com\/wp-content\/uploads\/2024\/04\/logoBMP-new-3D-v2.png\",\"contentUrl\":\"https:\/\/ulpr.com\/wp-content\/uploads\/2024\/04\/logoBMP-new-3D-v2.png\",\"width\":1574,\"height\":298,\"caption\":\"ulpr.com\"},\"image\":{\"@id\":\"https:\/\/ulpr.com\/#\/schema\/logo\/image\/\"},\"sameAs\":[\"https:\/\/www.linkedin.com\/company\/69699496\/admin\/dashboard\/\"]}]}<\/script>\n<!-- \/ Yoast SEO plugin. -->","yoast_head_json":{"title":"Projekti - ulpr.com","description":"Elektro i ma\u0161inski projekti. Ma\u0161ine specijalne namene, ma\u0161ine za fabrike u autoindustriji, transportni sistemi...","robots":{"index":"index","follow":"follow","max-snippet":"max-snippet:-1","max-image-preview":"max-image-preview:large","max-video-preview":"max-video-preview:-1"},"canonical":"https:\/\/ulpr.com\/index.php\/projekti\/","og_locale":"en_US","og_type":"article","og_title":"Projekti - ulpr.com","og_description":"Elektro i ma\u0161inski projekti. Ma\u0161ine specijalne namene, ma\u0161ine za fabrike u autoindustriji, transportni sistemi...","og_url":"https:\/\/ulpr.com\/index.php\/projekti\/","og_site_name":"ulpr.com","article_modified_time":"2025-05-30T12:41:31+00:00","og_image":[{"url":"http:\/\/ulpr.com\/wp-content\/uploads\/2024\/08\/CE_Partner_Label_Distribution_RGB_220mm-874x1024.png","type":"","width":"","height":""}],"twitter_card":"summary_large_image","twitter_misc":{"Est. reading time":"2 minutes"},"schema":{"@context":"https:\/\/schema.org","@graph":[{"@type":"WebPage","@id":"https:\/\/ulpr.com\/index.php\/projekti\/","url":"https:\/\/ulpr.com\/index.php\/projekti\/","name":"Projekti - ulpr.com","isPartOf":{"@id":"https:\/\/ulpr.com\/#website"},"primaryImageOfPage":{"@id":"https:\/\/ulpr.com\/index.php\/projekti\/#primaryimage"},"image":{"@id":"https:\/\/ulpr.com\/index.php\/projekti\/#primaryimage"},"thumbnailUrl":"http:\/\/ulpr.com\/wp-content\/uploads\/2024\/08\/CE_Partner_Label_Distribution_RGB_220mm-874x1024.png","datePublished":"2022-12-14T13:34:53+00:00","dateModified":"2025-05-30T12:41:31+00:00","description":"Elektro i ma\u0161inski projekti. Ma\u0161ine specijalne namene, ma\u0161ine za fabrike u autoindustriji, transportni sistemi...","breadcrumb":{"@id":"https:\/\/ulpr.com\/index.php\/projekti\/#breadcrumb"},"inLanguage":"en-US","potentialAction":[{"@type":"ReadAction","target":["https:\/\/ulpr.com\/index.php\/projekti\/"]}]},{"@type":"ImageObject","inLanguage":"en-US","@id":"https:\/\/ulpr.com\/index.php\/projekti\/#primaryimage","url":"https:\/\/ulpr.com\/wp-content\/uploads\/2024\/08\/CE_Partner_Label_Distribution_RGB_220mm-scaled.png","contentUrl":"https:\/\/ulpr.com\/wp-content\/uploads\/2024\/08\/CE_Partner_Label_Distribution_RGB_220mm-scaled.png","width":2184,"height":2560,"caption":"Bosch Rexroth"},{"@type":"BreadcrumbList","@id":"https:\/\/ulpr.com\/index.php\/projekti\/#breadcrumb","itemListElement":[{"@type":"ListItem","position":1,"name":"Home","item":"https:\/\/ulpr.com\/"},{"@type":"ListItem","position":2,"name":"Projekti"}]},{"@type":"WebSite","@id":"https:\/\/ulpr.com\/#website","url":"https:\/\/ulpr.com\/","name":"ulpr.com","description":"UNO-LUX PROCESSING DOO","publisher":{"@id":"https:\/\/ulpr.com\/#organization"},"potentialAction":[{"@type":"SearchAction","target":{"@type":"EntryPoint","urlTemplate":"https:\/\/ulpr.com\/?s={search_term_string}"},"query-input":{"@type":"PropertyValueSpecification","valueRequired":true,"valueName":"search_term_string"}}],"inLanguage":"en-US"},{"@type":"Organization","@id":"https:\/\/ulpr.com\/#organization","name":"ulpr.com","url":"https:\/\/ulpr.com\/","logo":{"@type":"ImageObject","inLanguage":"en-US","@id":"https:\/\/ulpr.com\/#\/schema\/logo\/image\/","url":"https:\/\/ulpr.com\/wp-content\/uploads\/2024\/04\/logoBMP-new-3D-v2.png","contentUrl":"https:\/\/ulpr.com\/wp-content\/uploads\/2024\/04\/logoBMP-new-3D-v2.png","width":1574,"height":298,"caption":"ulpr.com"},"image":{"@id":"https:\/\/ulpr.com\/#\/schema\/logo\/image\/"},"sameAs":["https:\/\/www.linkedin.com\/company\/69699496\/admin\/dashboard\/"]}]}},"_links":{"self":[{"href":"https:\/\/ulpr.com\/index.php\/wp-json\/wp\/v2\/pages\/2","targetHints":{"allow":["GET"]}}],"collection":[{"href":"https:\/\/ulpr.com\/index.php\/wp-json\/wp\/v2\/pages"}],"about":[{"href":"https:\/\/ulpr.com\/index.php\/wp-json\/wp\/v2\/types\/page"}],"author":[{"embeddable":true,"href":"https:\/\/ulpr.com\/index.php\/wp-json\/wp\/v2\/users\/1"}],"replies":[{"embeddable":true,"href":"https:\/\/ulpr.com\/index.php\/wp-json\/wp\/v2\/comments?post=2"}],"version-history":[{"count":23,"href":"https:\/\/ulpr.com\/index.php\/wp-json\/wp\/v2\/pages\/2\/revisions"}],"predecessor-version":[{"id":5447,"href":"https:\/\/ulpr.com\/index.php\/wp-json\/wp\/v2\/pages\/2\/revisions\/5447"}],"wp:attachment":[{"href":"https:\/\/ulpr.com\/index.php\/wp-json\/wp\/v2\/media?parent=2"}],"curies":[{"name":"wp","href":"https:\/\/api.w.org\/{rel}","templated":true}]}}