{"id":1914,"date":"2022-06-14T08:12:16","date_gmt":"2022-06-14T08:12:16","guid":{"rendered":"https:\/\/demo.agnidesigns.com\/luminate\/?page_id=1914"},"modified":"2025-09-19T06:11:37","modified_gmt":"2025-09-19T06:11:37","slug":"kontakt","status":"publish","type":"page","link":"https:\/\/ulpr.com\/index.php\/kontakt\/","title":{"rendered":"UNO-LUX PROCESSING Kontakt"},"content":{"rendered":"\n<div class=\"wp-block-cover alignfull is-light\" style=\"min-height:330px;aspect-ratio:unset;\"><img loading=\"lazy\" decoding=\"async\" width=\"1930\" height=\"370\" class=\"wp-block-cover__image-background wp-image-4617\" alt=\"Bosch Rexroth Srbija\" src=\"http:\/\/ulpr.com\/wp-content\/uploads\/2024\/05\/main2.png\" data-object-fit=\"cover\" srcset=\"https:\/\/ulpr.com\/wp-content\/uploads\/2024\/05\/main2.png 1930w, https:\/\/ulpr.com\/wp-content\/uploads\/2024\/05\/main2-600x115.png 600w, https:\/\/ulpr.com\/wp-content\/uploads\/2024\/05\/main2-300x58.png 300w, https:\/\/ulpr.com\/wp-content\/uploads\/2024\/05\/main2-1024x196.png 1024w, https:\/\/ulpr.com\/wp-content\/uploads\/2024\/05\/main2-768x147.png 768w, https:\/\/ulpr.com\/wp-content\/uploads\/2024\/05\/main2-1536x294.png 1536w\" sizes=\"auto, (max-width: 1930px) 100vw, 1930px\" \/><span aria-hidden=\"true\" class=\"wp-block-cover__background has-lite-background-color has-background-dim-0 has-background-dim\"><\/span><div class=\"wp-block-cover__inner-container is-layout-flow wp-block-cover-is-layout-flow\">\n<div class=\"wp-block-group is-layout-constrained wp-container-core-group-is-layout-c6036f6d wp-block-group-is-layout-constrained\">\n<h1 class=\"wp-block-heading has-x-large-font-size\"><\/h1>\n\n\n\n<p class=\"has-medium-font-size\"><\/p>\n<\/div>\n<\/div><\/div>\n\n\n\n<div style=\"height:25px\" aria-hidden=\"true\" class=\"wp-block-spacer\"><\/div>\n\n\n\n<h1 class=\"wp-block-heading has-text-align-center has-text-color\" style=\"color:#92071e\"><strong>UNO-LUX PROCESSING DOO BEOGRAD<\/strong><\/h1>\n\n\n\n<p class=\"has-text-align-center has-primary-color has-text-color\">Kontakt &#8211; UNO-LUX PROCESSING &#8211; Projektovanje, proizvodnja i in\u017eenjering u oblasti industrijske automatike. Isporuka opreme i softvera. Rexroth Srbija. Rexroth Bosna i Hercegovina. Weintek Srbija. Weintek Bosna i Hercegovina.<\/p>\n\n\n\n<div style=\"height:10px\" aria-hidden=\"true\" class=\"wp-block-spacer\"><\/div>\n\n\n\n<div class=\"wp-block-columns alignwide is-layout-flex wp-container-core-columns-is-layout-28f84493 wp-block-columns-is-layout-flex\">\n<div class=\"wp-block-column is-layout-flow wp-block-column-is-layout-flow\">\n<h4 class=\"wp-block-heading has-text-align-center\">PROJEKTOVANJE<\/h4>\n\n\n\n<p class=\"has-text-align-center\">Izrada elektro projekata u oblasti industrijske automatike. Izrada elektro ormana automatike, monta\u017ea i povezivanje po principu klju\u010d u ruke.<\/p>\n<\/div>\n\n\n\n<div class=\"wp-block-column is-layout-flow wp-block-column-is-layout-flow\">\n<h4 class=\"wp-block-heading has-text-align-center\">IN\u017dENJERING I PU\u0160TANJE U RAD<\/h4>\n\n\n\n<p class=\"has-text-align-center\">Projektovanje, dizajn, monta\u017ea i isporuka industrijskih ma\u0161ina raznih namena, prema zahtevu i potrebama kupca. Testiranje i pu\u0161tanje u rad. <a href=\"https:\/\/ulpr.com\/index.php\/projekti\/\">Projekti<\/a>.<\/p>\n<\/div>\n\n\n\n<div class=\"wp-block-column is-layout-flow wp-block-column-is-layout-flow\">\n<h4 class=\"wp-block-heading has-text-align-center\">ISPORUKA OPREME<\/h4>\n\n\n\n<p class=\"has-text-align-center\">Isporuka industrijske opreme i softvera renimiranih svetskih proizvo\u0111a\u010da &#8211; <a href=\"https:\/\/ulpr.com\/index.php\/montazna-tehnika\/\">Bosch Rexroth<\/a>, <a href=\"https:\/\/ulpr.com\/index.php\/weintek-hmi\/\">Weintek<\/a>, <a href=\"https:\/\/ulpr.com\/index.php\/siemens\/\">Siemens<\/a>, <a href=\"https:\/\/ulpr.com\/index.php\/automationdirect\/\">AutomationDirect<\/a>, <a href=\"https:\/\/ulpr.com\/index.php\/senzori\/\">Wenglor<\/a>, <a href=\"https:\/\/ulpr.com\/index.php\/siemens\/\">Siemens<\/a>&#8230;<\/p>\n<\/div>\n<\/div>\n\n\n\n<div style=\"height:25px\" aria-hidden=\"true\" class=\"wp-block-spacer\"><\/div>\n\n\n\n<div class=\"wp-block-group alignwide is-layout-constrained wp-container-core-group-is-layout-86f1b22d wp-block-group-is-layout-constrained\">\n<div class=\"wp-block-columns is-layout-flex wp-container-core-columns-is-layout-28f84493 wp-block-columns-is-layout-flex\">\n<div class=\"wp-block-column is-layout-flow wp-container-core-column-is-layout-c6626a78 wp-block-column-is-layout-flow\" style=\"flex-basis:60%\">\n<div class=\"wp-block-columns is-layout-flex wp-container-core-columns-is-layout-00723822 wp-block-columns-is-layout-flex\">\n<div class=\"wp-block-column is-layout-flow wp-container-core-column-is-layout-343acf9e wp-block-column-is-layout-flow\">\n<h4 class=\"wp-block-heading has-small-font-size\">Adresa<\/h4>\n\n\n\n<p class=\"has-text-align-left\" style=\"line-height:2\">Stevana Filipovi\u0107a 1v, \u017deleznik<\/p>\n\n\n\n<p class=\"has-text-align-left\" style=\"line-height:2\">11250 Beograd &#8211; Srbija<\/p>\n\n\n\n<p class=\"has-small-font-size\"><i class=\"fa-solid fa-phone\"><\/i>\u00a0 +381 11 42 00 040 <br>  <i class=\"fa-solid fa-fax\"><\/i>\u00a0 +381 11 25 13 784<\/p>\n<\/div>\n\n\n\n<div class=\"wp-block-column is-layout-flow wp-container-core-column-is-layout-343acf9e wp-block-column-is-layout-flow\">\n<h4 class=\"wp-block-heading\">Radno vreme<\/h4>\n\n\n\n<p style=\"line-height:2\">Radnim danom<\/p>\n\n\n\n<p style=\"line-height:2\">8:00- 16:00<\/p>\n<\/div>\n<\/div>\n\n\n\n<div style=\"height:25px\" aria-hidden=\"true\" class=\"wp-block-spacer\"><\/div>\n\n\n\n<div class=\"wp-block-columns is-layout-flex wp-container-core-columns-is-layout-00723822 wp-block-columns-is-layout-flex\">\n<div class=\"wp-block-column is-layout-flow wp-container-core-column-is-layout-343acf9e wp-block-column-is-layout-flow\">\n<h4 class=\"wp-block-heading\">Kontaktirajte nas<\/h4>\n\n\n\n<p>eMail: <a href=\"mailto:office@ulpr.com\">office@ulpr.com<\/a><\/p>\n\n\n\n<p>Website: <a href=\"https:\/\/ulpr.com\/\" target=\"_blank\" rel=\"noreferrer noopener\">www.ulpr.com<\/a><\/p>\n<\/div>\n\n\n\n<div class=\"wp-block-column is-layout-flow wp-container-core-column-is-layout-343acf9e wp-block-column-is-layout-flow\">\n<h4 class=\"wp-block-heading\">Tehni\u010dka podr\u0161ka<\/h4>\n\n\n\n<p class=\"has-medium-font-size\"><a href=\"mailto:podrska@ulpr.com\">podr\u0161ka@ulpr.com<\/a><br><br><strong>Partner u Bosni i Hercegovini:<\/strong><br>Master In\u017eenjering doo Banja Luka<br>+387 65 606 008<br><a href=\"mailto:branislav.babic@masterinzenejring.com\">branislav.babic@masterinzenejring.com<\/a><\/p>\n<\/div>\n<\/div>\n\n\n\n<p><a href=\"https:\/\/ulpr.com\/index.php\/shop\/\">Shop<\/a><\/p>\n<\/div>\n\n\n\n<div class=\"wp-block-column is-layout-flow wp-block-column-is-layout-flow\" style=\"flex-basis:40%\">\n<iframe src=\"https:\/\/www.google.com\/maps\/embed?pb=!1m18!1m12!1m3!1d2834.7911841469977!2d20.36699857659883!3d44.72387308252861!2m3!1f0!2f0!3f0!3m2!1i1024!2i768!4f13.1!3m3!1m2!1s0x475a6e273f169d19%3A0x2e03fdf865fe1020!2sUNO-LUX%20PROCESSING%20d.o.o.!5e0!3m2!1sen!2srs!4v1732021676700!5m2!1sen!2srs\" width=\"600\" height=\"450\" style=\"border:0;\" allowfullscreen=\"\" loading=\"lazy\" referrerpolicy=\"no-referrer-when-downgrade\"><\/iframe>\n<\/div>\n<\/div>\n<\/div>\n\n\n\n<div style=\"height:25px\" aria-hidden=\"true\" class=\"wp-block-spacer\"><\/div>\n\n\n\n<p><\/p>\n","protected":false},"excerpt":{"rendered":"<p>UNO-LUX PROCESSING DOO BEOGRAD Kontakt &#8211; UNO-LUX PROCESSING &#8211; Projektovanje, proizvodnja i in\u017eenjering u oblasti industrijske automatike. Isporuka opreme i softvera. Rexroth Srbija. Rexroth Bosna i Hercegovina. Weintek Srbija. Weintek Bosna i Hercegovina. PROJEKTOVANJE Izrada elektro projekata u oblasti industrijske automatike. Izrada elektro ormana automatike, monta\u017ea i povezivanje po principu klju\u010d u ruke. IN\u017dENJERING I [&hellip;]<\/p>\n","protected":false},"author":1,"featured_media":0,"parent":0,"menu_order":0,"comment_status":"closed","ping_status":"closed","template":"page-blank","meta":{"footnotes":""},"class_list":["post-1914","page","type-page","status-publish","hentry"],"yoast_head":"<!-- This site is optimized with the Yoast SEO plugin v26.6 - https:\/\/yoast.com\/wordpress\/plugins\/seo\/ -->\n<title>UNO-LUX PROCESSING Kontakt - ulpr.com<\/title>\n<meta name=\"description\" content=\"Kontakt - ULPR tim za informacije o industrijskoj automatizaciji, robotici i tehni\u010dkoj podr\u0161ci. Tu smo za sva va\u0161a pitanja i konsultacije\" \/>\n<meta name=\"robots\" content=\"index, follow, max-snippet:-1, max-image-preview:large, max-video-preview:-1\" \/>\n<link rel=\"canonical\" href=\"https:\/\/ulpr.com\/index.php\/kontakt\/\" \/>\n<meta property=\"og:locale\" content=\"en_US\" \/>\n<meta property=\"og:type\" content=\"article\" \/>\n<meta property=\"og:title\" content=\"UNO-LUX PROCESSING Kontakt - ulpr.com\" \/>\n<meta property=\"og:description\" content=\"Kontakt - ULPR tim za informacije o industrijskoj automatizaciji, robotici i tehni\u010dkoj podr\u0161ci. Tu smo za sva va\u0161a pitanja i konsultacije\" \/>\n<meta property=\"og:url\" content=\"https:\/\/ulpr.com\/index.php\/kontakt\/\" \/>\n<meta property=\"og:site_name\" content=\"ulpr.com\" \/>\n<meta property=\"article:modified_time\" content=\"2025-09-19T06:11:37+00:00\" \/>\n<meta property=\"og:image\" content=\"http:\/\/ulpr.com\/wp-content\/uploads\/2024\/05\/main2.png\" \/>\n<meta name=\"twitter:card\" content=\"summary_large_image\" \/>\n<meta name=\"twitter:label1\" content=\"Est. reading time\" \/>\n\t<meta name=\"twitter:data1\" content=\"1 minute\" \/>\n<script type=\"application\/ld+json\" class=\"yoast-schema-graph\">{\"@context\":\"https:\/\/schema.org\",\"@graph\":[{\"@type\":\"WebPage\",\"@id\":\"https:\/\/ulpr.com\/index.php\/kontakt\/\",\"url\":\"https:\/\/ulpr.com\/index.php\/kontakt\/\",\"name\":\"UNO-LUX PROCESSING Kontakt - ulpr.com\",\"isPartOf\":{\"@id\":\"https:\/\/ulpr.com\/#website\"},\"primaryImageOfPage\":{\"@id\":\"https:\/\/ulpr.com\/index.php\/kontakt\/#primaryimage\"},\"image\":{\"@id\":\"https:\/\/ulpr.com\/index.php\/kontakt\/#primaryimage\"},\"thumbnailUrl\":\"http:\/\/ulpr.com\/wp-content\/uploads\/2024\/05\/main2.png\",\"datePublished\":\"2022-06-14T08:12:16+00:00\",\"dateModified\":\"2025-09-19T06:11:37+00:00\",\"description\":\"Kontakt - ULPR tim za informacije o industrijskoj automatizaciji, robotici i tehni\u010dkoj podr\u0161ci. Tu smo za sva va\u0161a pitanja i konsultacije\",\"breadcrumb\":{\"@id\":\"https:\/\/ulpr.com\/index.php\/kontakt\/#breadcrumb\"},\"inLanguage\":\"en-US\",\"potentialAction\":[{\"@type\":\"ReadAction\",\"target\":[\"https:\/\/ulpr.com\/index.php\/kontakt\/\"]}]},{\"@type\":\"ImageObject\",\"inLanguage\":\"en-US\",\"@id\":\"https:\/\/ulpr.com\/index.php\/kontakt\/#primaryimage\",\"url\":\"https:\/\/ulpr.com\/wp-content\/uploads\/2024\/05\/main2.png\",\"contentUrl\":\"https:\/\/ulpr.com\/wp-content\/uploads\/2024\/05\/main2.png\",\"width\":1930,\"height\":370,\"caption\":\"Bosch Rexroth\"},{\"@type\":\"BreadcrumbList\",\"@id\":\"https:\/\/ulpr.com\/index.php\/kontakt\/#breadcrumb\",\"itemListElement\":[{\"@type\":\"ListItem\",\"position\":1,\"name\":\"Home\",\"item\":\"https:\/\/ulpr.com\/\"},{\"@type\":\"ListItem\",\"position\":2,\"name\":\"UNO-LUX PROCESSING Kontakt\"}]},{\"@type\":\"WebSite\",\"@id\":\"https:\/\/ulpr.com\/#website\",\"url\":\"https:\/\/ulpr.com\/\",\"name\":\"ulpr.com\",\"description\":\"UNO-LUX PROCESSING DOO\",\"publisher\":{\"@id\":\"https:\/\/ulpr.com\/#organization\"},\"potentialAction\":[{\"@type\":\"SearchAction\",\"target\":{\"@type\":\"EntryPoint\",\"urlTemplate\":\"https:\/\/ulpr.com\/?s={search_term_string}\"},\"query-input\":{\"@type\":\"PropertyValueSpecification\",\"valueRequired\":true,\"valueName\":\"search_term_string\"}}],\"inLanguage\":\"en-US\"},{\"@type\":\"Organization\",\"@id\":\"https:\/\/ulpr.com\/#organization\",\"name\":\"ulpr.com\",\"url\":\"https:\/\/ulpr.com\/\",\"logo\":{\"@type\":\"ImageObject\",\"inLanguage\":\"en-US\",\"@id\":\"https:\/\/ulpr.com\/#\/schema\/logo\/image\/\",\"url\":\"https:\/\/ulpr.com\/wp-content\/uploads\/2024\/04\/logoBMP-new-3D-v2.png\",\"contentUrl\":\"https:\/\/ulpr.com\/wp-content\/uploads\/2024\/04\/logoBMP-new-3D-v2.png\",\"width\":1574,\"height\":298,\"caption\":\"ulpr.com\"},\"image\":{\"@id\":\"https:\/\/ulpr.com\/#\/schema\/logo\/image\/\"},\"sameAs\":[\"https:\/\/www.linkedin.com\/company\/69699496\/admin\/dashboard\/\"]}]}<\/script>\n<!-- \/ Yoast SEO plugin. -->","yoast_head_json":{"title":"UNO-LUX PROCESSING Kontakt - ulpr.com","description":"Kontakt - ULPR tim za informacije o industrijskoj automatizaciji, robotici i tehni\u010dkoj podr\u0161ci. Tu smo za sva va\u0161a pitanja i konsultacije","robots":{"index":"index","follow":"follow","max-snippet":"max-snippet:-1","max-image-preview":"max-image-preview:large","max-video-preview":"max-video-preview:-1"},"canonical":"https:\/\/ulpr.com\/index.php\/kontakt\/","og_locale":"en_US","og_type":"article","og_title":"UNO-LUX PROCESSING Kontakt - ulpr.com","og_description":"Kontakt - ULPR tim za informacije o industrijskoj automatizaciji, robotici i tehni\u010dkoj podr\u0161ci. Tu smo za sva va\u0161a pitanja i konsultacije","og_url":"https:\/\/ulpr.com\/index.php\/kontakt\/","og_site_name":"ulpr.com","article_modified_time":"2025-09-19T06:11:37+00:00","og_image":[{"url":"http:\/\/ulpr.com\/wp-content\/uploads\/2024\/05\/main2.png","type":"","width":"","height":""}],"twitter_card":"summary_large_image","twitter_misc":{"Est. reading time":"1 minute"},"schema":{"@context":"https:\/\/schema.org","@graph":[{"@type":"WebPage","@id":"https:\/\/ulpr.com\/index.php\/kontakt\/","url":"https:\/\/ulpr.com\/index.php\/kontakt\/","name":"UNO-LUX PROCESSING Kontakt - ulpr.com","isPartOf":{"@id":"https:\/\/ulpr.com\/#website"},"primaryImageOfPage":{"@id":"https:\/\/ulpr.com\/index.php\/kontakt\/#primaryimage"},"image":{"@id":"https:\/\/ulpr.com\/index.php\/kontakt\/#primaryimage"},"thumbnailUrl":"http:\/\/ulpr.com\/wp-content\/uploads\/2024\/05\/main2.png","datePublished":"2022-06-14T08:12:16+00:00","dateModified":"2025-09-19T06:11:37+00:00","description":"Kontakt - ULPR tim za informacije o industrijskoj automatizaciji, robotici i tehni\u010dkoj podr\u0161ci. Tu smo za sva va\u0161a pitanja i konsultacije","breadcrumb":{"@id":"https:\/\/ulpr.com\/index.php\/kontakt\/#breadcrumb"},"inLanguage":"en-US","potentialAction":[{"@type":"ReadAction","target":["https:\/\/ulpr.com\/index.php\/kontakt\/"]}]},{"@type":"ImageObject","inLanguage":"en-US","@id":"https:\/\/ulpr.com\/index.php\/kontakt\/#primaryimage","url":"https:\/\/ulpr.com\/wp-content\/uploads\/2024\/05\/main2.png","contentUrl":"https:\/\/ulpr.com\/wp-content\/uploads\/2024\/05\/main2.png","width":1930,"height":370,"caption":"Bosch Rexroth"},{"@type":"BreadcrumbList","@id":"https:\/\/ulpr.com\/index.php\/kontakt\/#breadcrumb","itemListElement":[{"@type":"ListItem","position":1,"name":"Home","item":"https:\/\/ulpr.com\/"},{"@type":"ListItem","position":2,"name":"UNO-LUX PROCESSING Kontakt"}]},{"@type":"WebSite","@id":"https:\/\/ulpr.com\/#website","url":"https:\/\/ulpr.com\/","name":"ulpr.com","description":"UNO-LUX PROCESSING DOO","publisher":{"@id":"https:\/\/ulpr.com\/#organization"},"potentialAction":[{"@type":"SearchAction","target":{"@type":"EntryPoint","urlTemplate":"https:\/\/ulpr.com\/?s={search_term_string}"},"query-input":{"@type":"PropertyValueSpecification","valueRequired":true,"valueName":"search_term_string"}}],"inLanguage":"en-US"},{"@type":"Organization","@id":"https:\/\/ulpr.com\/#organization","name":"ulpr.com","url":"https:\/\/ulpr.com\/","logo":{"@type":"ImageObject","inLanguage":"en-US","@id":"https:\/\/ulpr.com\/#\/schema\/logo\/image\/","url":"https:\/\/ulpr.com\/wp-content\/uploads\/2024\/04\/logoBMP-new-3D-v2.png","contentUrl":"https:\/\/ulpr.com\/wp-content\/uploads\/2024\/04\/logoBMP-new-3D-v2.png","width":1574,"height":298,"caption":"ulpr.com"},"image":{"@id":"https:\/\/ulpr.com\/#\/schema\/logo\/image\/"},"sameAs":["https:\/\/www.linkedin.com\/company\/69699496\/admin\/dashboard\/"]}]}},"_links":{"self":[{"href":"https:\/\/ulpr.com\/index.php\/wp-json\/wp\/v2\/pages\/1914","targetHints":{"allow":["GET"]}}],"collection":[{"href":"https:\/\/ulpr.com\/index.php\/wp-json\/wp\/v2\/pages"}],"about":[{"href":"https:\/\/ulpr.com\/index.php\/wp-json\/wp\/v2\/types\/page"}],"author":[{"embeddable":true,"href":"https:\/\/ulpr.com\/index.php\/wp-json\/wp\/v2\/users\/1"}],"replies":[{"embeddable":true,"href":"https:\/\/ulpr.com\/index.php\/wp-json\/wp\/v2\/comments?post=1914"}],"version-history":[{"count":34,"href":"https:\/\/ulpr.com\/index.php\/wp-json\/wp\/v2\/pages\/1914\/revisions"}],"predecessor-version":[{"id":5829,"href":"https:\/\/ulpr.com\/index.php\/wp-json\/wp\/v2\/pages\/1914\/revisions\/5829"}],"wp:attachment":[{"href":"https:\/\/ulpr.com\/index.php\/wp-json\/wp\/v2\/media?parent=1914"}],"curies":[{"name":"wp","href":"https:\/\/api.w.org\/{rel}","templated":true}]}}