{"id":5650,"date":"2025-06-30T12:47:29","date_gmt":"2025-06-30T12:47:29","guid":{"rendered":"https:\/\/ulpr.com\/?post_type=product&#038;p=5650"},"modified":"2025-07-07T08:42:17","modified_gmt":"2025-07-07T08:42:17","slug":"cmt3102xr","status":"publish","type":"product","link":"http:\/\/ulpr.com\/index.php\/product\/cmt3102xr\/","title":{"rendered":"cMT3102X(R) &#8211; RFID"},"content":{"rendered":"\n<p>cMT3102X(R) &#8211; Advance 10&#8243; Klijent\/Server HMI sa ugra\u0111enim RFID \u010dita\u010dem<\/p>\n\n\n\n<p><a href=\"\/wp-content\/uploads\/documents\/WeintekHMI\/cMT3102X(R)_Datasheet_ENG.pdf\" target=\"_blank\" rel=\"noreferrer noopener\">Specifikacija proizvoda<\/a><\/p>\n\n\n\n<figure class=\"wp-block-image size-full\"><img loading=\"lazy\" decoding=\"async\" width=\"570\" height=\"422\" src=\"http:\/\/ulpr.com\/wp-content\/uploads\/2024\/03\/cmt3102x.png\" alt=\"cMT3102X(R)\" class=\"wp-image-4537\" srcset=\"http:\/\/ulpr.com\/wp-content\/uploads\/2024\/03\/cmt3102x.png 570w, http:\/\/ulpr.com\/wp-content\/uploads\/2024\/03\/cmt3102x-300x222.png 300w\" sizes=\"auto, (max-width: 570px) 100vw, 570px\" \/><\/figure>\n","protected":false},"excerpt":{"rendered":"<p>cMT3102X(R) &#8211; Advance 10&#8243; Klijent\/Server HMI sa ugra\u0111enim RFID \u010dita\u010dem. Weintek touch screen operatorski panel dijagonale 10&#8243;<\/p>\n","protected":false},"featured_media":4537,"comment_status":"open","ping_status":"closed","template":"","meta":[],"product_brand":[],"product_cat":[78,60],"product_tag":[],"class_list":{"0":"post-5650","1":"product","2":"type-product","3":"status-publish","4":"has-post-thumbnail","6":"product_cat-cmt-advance","7":"product_cat-weintek-hmi","9":"first","10":"instock","11":"taxable","12":"shipping-taxable","13":"product-type-simple"},"yoast_head":"<!-- This site is optimized with the Yoast SEO plugin v26.6 - https:\/\/yoast.com\/wordpress\/plugins\/seo\/ -->\n<title>cMT3102X(R) - RFID - ulpr.com<\/title>\n<meta name=\"description\" content=\"cMT3102X(R) - Advance 10&quot; Klijent\/Server HMI sa ugra\u0111enim RFID \u010dita\u010dem. Weintek touch screen operatorski panel dijagonale 10&quot;\" \/>\n<meta name=\"robots\" content=\"index, follow, max-snippet:-1, max-image-preview:large, max-video-preview:-1\" \/>\n<link rel=\"canonical\" href=\"http:\/\/ulpr.com\/index.php\/product\/cmt3102xr\/\" \/>\n<meta property=\"og:locale\" content=\"en_US\" \/>\n<meta property=\"og:type\" content=\"article\" \/>\n<meta property=\"og:title\" content=\"cMT3102X(R) - RFID - ulpr.com\" \/>\n<meta property=\"og:description\" content=\"cMT3102X(R) - Advance 10&quot; Klijent\/Server HMI sa ugra\u0111enim RFID \u010dita\u010dem. Weintek touch screen operatorski panel dijagonale 10&quot;\" \/>\n<meta property=\"og:url\" content=\"http:\/\/ulpr.com\/index.php\/product\/cmt3102xr\/\" \/>\n<meta property=\"og:site_name\" content=\"ulpr.com\" \/>\n<meta property=\"article:modified_time\" content=\"2025-07-07T08:42:17+00:00\" \/>\n<meta property=\"og:image\" content=\"http:\/\/ulpr.com\/wp-content\/uploads\/2024\/03\/cmt3102x.png\" \/>\n\t<meta property=\"og:image:width\" content=\"570\" \/>\n\t<meta property=\"og:image:height\" content=\"422\" \/>\n\t<meta property=\"og:image:type\" content=\"image\/png\" \/>\n<meta name=\"twitter:card\" content=\"summary_large_image\" \/>\n<meta name=\"twitter:label1\" content=\"Est. reading time\" \/>\n\t<meta name=\"twitter:data1\" content=\"1 minute\" \/>\n<script type=\"application\/ld+json\" class=\"yoast-schema-graph\">{\"@context\":\"https:\/\/schema.org\",\"@graph\":[{\"@type\":\"WebPage\",\"@id\":\"http:\/\/ulpr.com\/index.php\/product\/cmt3102xr\/\",\"url\":\"http:\/\/ulpr.com\/index.php\/product\/cmt3102xr\/\",\"name\":\"cMT3102X(R) - RFID - ulpr.com\",\"isPartOf\":{\"@id\":\"http:\/\/ulpr.com\/#website\"},\"primaryImageOfPage\":{\"@id\":\"http:\/\/ulpr.com\/index.php\/product\/cmt3102xr\/#primaryimage\"},\"image\":{\"@id\":\"http:\/\/ulpr.com\/index.php\/product\/cmt3102xr\/#primaryimage\"},\"thumbnailUrl\":\"http:\/\/ulpr.com\/wp-content\/uploads\/2024\/03\/cmt3102x.png\",\"datePublished\":\"2025-06-30T12:47:29+00:00\",\"dateModified\":\"2025-07-07T08:42:17+00:00\",\"description\":\"cMT3102X(R) - Advance 10\\\" Klijent\/Server HMI sa ugra\u0111enim RFID \u010dita\u010dem. Weintek touch screen operatorski panel dijagonale 10\\\"\",\"breadcrumb\":{\"@id\":\"http:\/\/ulpr.com\/index.php\/product\/cmt3102xr\/#breadcrumb\"},\"inLanguage\":\"en-US\",\"potentialAction\":[{\"@type\":\"ReadAction\",\"target\":[\"http:\/\/ulpr.com\/index.php\/product\/cmt3102xr\/\"]}]},{\"@type\":\"ImageObject\",\"inLanguage\":\"en-US\",\"@id\":\"http:\/\/ulpr.com\/index.php\/product\/cmt3102xr\/#primaryimage\",\"url\":\"http:\/\/ulpr.com\/wp-content\/uploads\/2024\/03\/cmt3102x.png\",\"contentUrl\":\"http:\/\/ulpr.com\/wp-content\/uploads\/2024\/03\/cmt3102x.png\",\"width\":570,\"height\":422,\"caption\":\"Weintek - cMT3102X\"},{\"@type\":\"BreadcrumbList\",\"@id\":\"http:\/\/ulpr.com\/index.php\/product\/cmt3102xr\/#breadcrumb\",\"itemListElement\":[{\"@type\":\"ListItem\",\"position\":1,\"name\":\"Home\",\"item\":\"https:\/\/ulpr.com\/\"},{\"@type\":\"ListItem\",\"position\":2,\"name\":\"Shop\",\"item\":\"https:\/\/ulpr.com\/index.php\/shop\/\"},{\"@type\":\"ListItem\",\"position\":3,\"name\":\"cMT3102X(R) &#8211; RFID\"}]},{\"@type\":\"WebSite\",\"@id\":\"http:\/\/ulpr.com\/#website\",\"url\":\"http:\/\/ulpr.com\/\",\"name\":\"ulpr.com\",\"description\":\"UNO-LUX PROCESSING DOO\",\"publisher\":{\"@id\":\"http:\/\/ulpr.com\/#organization\"},\"potentialAction\":[{\"@type\":\"SearchAction\",\"target\":{\"@type\":\"EntryPoint\",\"urlTemplate\":\"http:\/\/ulpr.com\/?s={search_term_string}\"},\"query-input\":{\"@type\":\"PropertyValueSpecification\",\"valueRequired\":true,\"valueName\":\"search_term_string\"}}],\"inLanguage\":\"en-US\"},{\"@type\":\"Organization\",\"@id\":\"http:\/\/ulpr.com\/#organization\",\"name\":\"ulpr.com\",\"url\":\"http:\/\/ulpr.com\/\",\"logo\":{\"@type\":\"ImageObject\",\"inLanguage\":\"en-US\",\"@id\":\"http:\/\/ulpr.com\/#\/schema\/logo\/image\/\",\"url\":\"http:\/\/ulpr.com\/wp-content\/uploads\/2024\/04\/logoBMP-new-3D-v2.png\",\"contentUrl\":\"http:\/\/ulpr.com\/wp-content\/uploads\/2024\/04\/logoBMP-new-3D-v2.png\",\"width\":1574,\"height\":298,\"caption\":\"ulpr.com\"},\"image\":{\"@id\":\"http:\/\/ulpr.com\/#\/schema\/logo\/image\/\"},\"sameAs\":[\"https:\/\/www.linkedin.com\/company\/69699496\/admin\/dashboard\/\"]}]}<\/script>\n<!-- \/ Yoast SEO plugin. -->","yoast_head_json":{"title":"cMT3102X(R) - RFID - ulpr.com","description":"cMT3102X(R) - Advance 10\" Klijent\/Server HMI sa ugra\u0111enim RFID \u010dita\u010dem. Weintek touch screen operatorski panel dijagonale 10\"","robots":{"index":"index","follow":"follow","max-snippet":"max-snippet:-1","max-image-preview":"max-image-preview:large","max-video-preview":"max-video-preview:-1"},"canonical":"http:\/\/ulpr.com\/index.php\/product\/cmt3102xr\/","og_locale":"en_US","og_type":"article","og_title":"cMT3102X(R) - RFID - ulpr.com","og_description":"cMT3102X(R) - Advance 10\" Klijent\/Server HMI sa ugra\u0111enim RFID \u010dita\u010dem. Weintek touch screen operatorski panel dijagonale 10\"","og_url":"http:\/\/ulpr.com\/index.php\/product\/cmt3102xr\/","og_site_name":"ulpr.com","article_modified_time":"2025-07-07T08:42:17+00:00","og_image":[{"width":570,"height":422,"url":"http:\/\/ulpr.com\/wp-content\/uploads\/2024\/03\/cmt3102x.png","type":"image\/png"}],"twitter_card":"summary_large_image","twitter_misc":{"Est. reading time":"1 minute"},"schema":{"@context":"https:\/\/schema.org","@graph":[{"@type":"WebPage","@id":"http:\/\/ulpr.com\/index.php\/product\/cmt3102xr\/","url":"http:\/\/ulpr.com\/index.php\/product\/cmt3102xr\/","name":"cMT3102X(R) - RFID - ulpr.com","isPartOf":{"@id":"http:\/\/ulpr.com\/#website"},"primaryImageOfPage":{"@id":"http:\/\/ulpr.com\/index.php\/product\/cmt3102xr\/#primaryimage"},"image":{"@id":"http:\/\/ulpr.com\/index.php\/product\/cmt3102xr\/#primaryimage"},"thumbnailUrl":"http:\/\/ulpr.com\/wp-content\/uploads\/2024\/03\/cmt3102x.png","datePublished":"2025-06-30T12:47:29+00:00","dateModified":"2025-07-07T08:42:17+00:00","description":"cMT3102X(R) - Advance 10\" Klijent\/Server HMI sa ugra\u0111enim RFID \u010dita\u010dem. Weintek touch screen operatorski panel dijagonale 10\"","breadcrumb":{"@id":"http:\/\/ulpr.com\/index.php\/product\/cmt3102xr\/#breadcrumb"},"inLanguage":"en-US","potentialAction":[{"@type":"ReadAction","target":["http:\/\/ulpr.com\/index.php\/product\/cmt3102xr\/"]}]},{"@type":"ImageObject","inLanguage":"en-US","@id":"http:\/\/ulpr.com\/index.php\/product\/cmt3102xr\/#primaryimage","url":"http:\/\/ulpr.com\/wp-content\/uploads\/2024\/03\/cmt3102x.png","contentUrl":"http:\/\/ulpr.com\/wp-content\/uploads\/2024\/03\/cmt3102x.png","width":570,"height":422,"caption":"Weintek - cMT3102X"},{"@type":"BreadcrumbList","@id":"http:\/\/ulpr.com\/index.php\/product\/cmt3102xr\/#breadcrumb","itemListElement":[{"@type":"ListItem","position":1,"name":"Home","item":"https:\/\/ulpr.com\/"},{"@type":"ListItem","position":2,"name":"Shop","item":"https:\/\/ulpr.com\/index.php\/shop\/"},{"@type":"ListItem","position":3,"name":"cMT3102X(R) &#8211; RFID"}]},{"@type":"WebSite","@id":"http:\/\/ulpr.com\/#website","url":"http:\/\/ulpr.com\/","name":"ulpr.com","description":"UNO-LUX PROCESSING DOO","publisher":{"@id":"http:\/\/ulpr.com\/#organization"},"potentialAction":[{"@type":"SearchAction","target":{"@type":"EntryPoint","urlTemplate":"http:\/\/ulpr.com\/?s={search_term_string}"},"query-input":{"@type":"PropertyValueSpecification","valueRequired":true,"valueName":"search_term_string"}}],"inLanguage":"en-US"},{"@type":"Organization","@id":"http:\/\/ulpr.com\/#organization","name":"ulpr.com","url":"http:\/\/ulpr.com\/","logo":{"@type":"ImageObject","inLanguage":"en-US","@id":"http:\/\/ulpr.com\/#\/schema\/logo\/image\/","url":"http:\/\/ulpr.com\/wp-content\/uploads\/2024\/04\/logoBMP-new-3D-v2.png","contentUrl":"http:\/\/ulpr.com\/wp-content\/uploads\/2024\/04\/logoBMP-new-3D-v2.png","width":1574,"height":298,"caption":"ulpr.com"},"image":{"@id":"http:\/\/ulpr.com\/#\/schema\/logo\/image\/"},"sameAs":["https:\/\/www.linkedin.com\/company\/69699496\/admin\/dashboard\/"]}]}},"_links":{"self":[{"href":"http:\/\/ulpr.com\/index.php\/wp-json\/wp\/v2\/product\/5650","targetHints":{"allow":["GET"]}}],"collection":[{"href":"http:\/\/ulpr.com\/index.php\/wp-json\/wp\/v2\/product"}],"about":[{"href":"http:\/\/ulpr.com\/index.php\/wp-json\/wp\/v2\/types\/product"}],"replies":[{"embeddable":true,"href":"http:\/\/ulpr.com\/index.php\/wp-json\/wp\/v2\/comments?post=5650"}],"wp:featuredmedia":[{"embeddable":true,"href":"http:\/\/ulpr.com\/index.php\/wp-json\/wp\/v2\/media\/4537"}],"wp:attachment":[{"href":"http:\/\/ulpr.com\/index.php\/wp-json\/wp\/v2\/media?parent=5650"}],"wp:term":[{"taxonomy":"product_brand","embeddable":true,"href":"http:\/\/ulpr.com\/index.php\/wp-json\/wp\/v2\/product_brand?post=5650"},{"taxonomy":"product_cat","embeddable":true,"href":"http:\/\/ulpr.com\/index.php\/wp-json\/wp\/v2\/product_cat?post=5650"},{"taxonomy":"product_tag","embeddable":true,"href":"http:\/\/ulpr.com\/index.php\/wp-json\/wp\/v2\/product_tag?post=5650"}],"curies":[{"name":"wp","href":"https:\/\/api.w.org\/{rel}","templated":true}]}}